{"id":9,"date":"2014-01-10T11:23:43","date_gmt":"2014-01-10T11:23:43","guid":{"rendered":"http:\/\/lesuniversdetemple.wordpress.com\/?page_id=9"},"modified":"2026-03-17T14:34:33","modified_gmt":"2026-03-17T14:34:33","slug":"vient-de-paraitre-aux-pulm","status":"publish","type":"page","link":"https:\/\/frederic-jacques-temple.fr\/index.php\/vient-de-paraitre-aux-pulm\/","title":{"rendered":"Actes du colloque de Cerisy"},"content":{"rendered":"<h1><em>P\u00e9riples &amp; parages. L\u2019\u0153uvre de Fr\u00e9d\u00e9ric Jacques Temple<\/em>, actes du colloque international de Cerisy-la-Salle (14-21 ao\u00fbt 2015),<span class=\"\"> Marie-Paule Berranger, Pierre-Marie H\u00e9ron et Claude Leroy (dir.), <\/span>Paris, Hermann, 2016.<\/h1>\n<p>Un volume 15,2 x 22,9 cm de 504 p., 200 illustrations, 41 \u20ac. ISBN : 978 2 70 56 92 79 7<\/p>\n<p><strong><a href=\"http:\/\/img.mailpro.com\/2011\/12\/07\/10230\/Bon_de_commande_Frederic_Jacques_Temple(1).pdf\">Commander le livre<\/a><\/strong><\/p>\n<p>Natif de Montpellier, qui accueille depuis 2011 \u00e0 la m\u00e9diath\u00e8que \u00c9mile-Zola un fonds patrimonial qui lui est d\u00e9di\u00e9, couronn\u00e9 par de nombreux prix accompagnant depuis les ann\u00e9es 1970 la reconnaissance nationale et internationale de son \u0153uvre,\u00a0Fr\u00e9d\u00e9ric Jacques Temple a eu les honneurs d\u2019un important colloque international \u00e0 Cerisy-la-Salle en ao\u00fbt 2015. L&rsquo;ouvrage issu de cette semaine de colloque, enrichi de plus de 200 illustrations et d&rsquo;in\u00e9dits de l&rsquo;auteur, propose \u00e0 la fois une somme sur sa vie et son\u00a0\u0153uvre et un panorama des recherches litt\u00e9raires les plus r\u00e9centes.<\/p>\n<p><strong>Auteurs<br \/>\n<\/strong><\/p>\n<p style=\"margin:0;margin-bottom:.0001pt;\">Marie-Paule Berranger est professeur de litt\u00e9rature fran\u00e7aise du XX<sup>e<\/sup> si\u00e8cle \u00e0 l\u2019Universit\u00e9 Sorbonne Nouvelle \u2012 Paris 3.<\/p>\n<p style=\"margin:0;margin-bottom:.0001pt;\">Pierre-Marie\u00a0H\u00e9ron\u00a0est professeur de litt\u00e9rature fran\u00e7aise \u00e0 l&rsquo;universit\u00e9\u00a0Paul-Val\u00e9ry Montpellier 3 et membre de l&rsquo;Institut universitaire de France.<br \/>\nClaude\u00a0Leroy\u00a0est\u00a0professeur \u00e9m\u00e9rite de litt\u00e9rature fran\u00e7aise \u00e0 l\u2019universit\u00e9 Paris Ouest Nanterre.<\/p>\n<p><strong>Table des mati\u00e8res<\/strong><\/p>\n<p>Voyager avec Fr\u00e9d\u00e9ric Jacques Temple<\/p>\n<p>par <em>Marie-Paule Berranger, Pierre-Marie-H\u00e9ron et Claude Leroy<\/em><\/p>\n<p>EMBARCAD\u00c8RES<\/p>\n<p>De p\u00e9riples en parages, au c\u0153ur du monde,\u00a0par <em>Claude Leroy<\/em><\/p>\n<p>Le d\u00e9ploiement d\u2019une \u0153uvre,\u00a0par <em>Pierre-Marie H\u00e9ron<\/em><\/p>\n<p>Latitudes et longitudes,\u00a0par <em>Marie-Paule Berranger<\/em><\/p>\n<p>I. D\u00c9PARTS<\/p>\n<p>\u00ab\u00a0F. J. jusqu\u2019\u00e0 la fin des si\u00e8cles\u00a0\u00bb. Lettres \u00e0 ses parents,\u00a0par <em>Gilles Gudin de Vallerin<\/em><\/p>\n<p>Temple sur le seuil\u00a0: l&rsquo;\u00e9poque de la Licorne,\u00a0par <em>Pierre-Marie H\u00e9ron<\/em><\/p>\n<p><em>Carnet de poche<\/em> (extraits),\u00a0par <em>Fr\u00e9d\u00e9ric Jacques Temple<\/em><\/p>\n<p>La rencontre avec Cendrars ou Sept oncles en un,\u00a0par <em>Claude Leroy<\/em><\/p>\n<p>\u00ab\u00a0Mon cher po\u00e8te\u00a0\u00bb. 33 lettres \u00e0 Fr\u00e9d\u00e9ric Jacques Temple,\u00a0par <em>Blaise Cendrars<\/em><\/p>\n<p>II. PARAGES<\/p>\n<p>Temple dans les parages,\u00a0par <em>Pierre-Alain T\u00e2che\u00a0\u00a0\u00a0\u00a0\u00a0\u00a0\u00a0\u00a0\u00a0\u00a0 <\/em><\/p>\n<p>Vendanges tardives\u00a0: le \u00ab\u00a0vrai faux\u00a0journal\u00a0\u00bb,\u00a0par <em>Jean-Carlo Fl\u00fcckiger <\/em><\/p>\n<p>Les gens bizarres qu\u2019on croise un jour\u2026,\u00a0<em>par Michel Collomb<\/em><\/p>\n<p>Portrait de l&rsquo;artiste en ami lecteur,\u00a0par <em>G\u00e9rard Lieber <\/em><\/p>\n<p>Temple et Max Rouquette, une amiti\u00e9 <em>au fil\u00a0du\u00a0temps et des mots,\u00a0<\/em>par <em>Philippe Gardy<\/em><\/p>\n<p>Dans les courants de la po\u00e9sie,\u00a0par <em>Marie-Paule Berranger<\/em><\/p>\n<p>III. P\u00c9RIPLES<\/p>\n<p>Le lait des livres,\u00a0par <em>Pierre Loubier<\/em><\/p>\n<p><em>Profonds pays\u00a0:<\/em> g\u00e9o-graphies de la m\u00e9moire,\u00a0par <em>Marie Joqueviel-Bourjea<\/em><\/p>\n<p>Portrait du po\u00e8te en Ulysse,\u00a0par <em>B\u00e9atrice Bonhomme<\/em><\/p>\n<p>\u00ab\u00a0La voix sir\u00e8ne de la mer\u00a0\u00bb,\u00a0par <em>Jacqueline Assa\u00ebl <\/em><\/p>\n<p>Voyage et rituels de l\u2019\u00e9criture,\u00a0par <em>Ana Maria G\u00eerleanu-Guichard<\/em><\/p>\n<p>IV. LA CHASSE INFINIE<\/p>\n<p>\u00c9clats et retenues\u00a0: des gestes lyriques dans les livres de Temple,\u00a0par<em> James Sacr\u00e9<\/em><\/p>\n<p>Les thyrses d\u2019\u00c9ros,\u00a0par <em>Marie-France Borot<\/em><\/p>\n<p>Des exhalaisons de la nature aux formes de l\u2019oraison,\u00a0par<em> \u00c9milie Fr\u00e9mond <\/em><\/p>\n<p>\u00c9crire l\u2019infini, \u00e9criture de l\u2019infini,\u00a0par <em>Silke Schauder<\/em><\/p>\n<p>Traduire la po\u00e9sie.\u00a0Entretien de<em> Fr\u00e9d\u00e9ric Jacques Temple <\/em>et <em>Rino Cortiana <\/em>avec<em> Rennie Yotova <\/em><\/p>\n<p>V. MOI, KAL\u00c9IDOSCOPE<\/p>\n<p><em>\u00a0La Route de San Romano<\/em>, peinture d\u2019une aventure,\u00a0par <em>Pierre-Louis Rey<\/em><\/p>\n<p>\u00c9crire en peintre,\u00a0par <em>Rennie Yotova <\/em><\/p>\n<p>Le sc\u00e9nariste au b\u00e9ret rouge,\u00a0par <em>Fran\u00e7ois Amy de la Bret\u00e8que<\/em><\/p>\n<p>Strates de la m\u00e9moire,\u00a0par <em>Birgit Wagner<\/em><\/p>\n<p>TEXTES IN\u00c9DITS\u00a0de\u00a0<em>Fr\u00e9d\u00e9ric Jacques Temple<\/em><\/p>\n<p>En permission<\/p>\n<p>Dix-huit po\u00e8mes<\/p>\n<p>Index<\/p>\n<p>Bibliographie<\/p>\n<p>Liste des auteurs<\/p>\n<p>Table des cahiers iconographiques<\/p>\n<h1>Paru en 2014<\/h1>\n<h1>Les Univers de Fr\u00e9d\u00e9ric Jacques Temple<\/h1>\n<p>PULM, 2014. Un volume\u00a016 x 24 cm \u00a0de\u00a0390 p., 30 illustrations, 24 euros. ISSN 2115-7774,\u00a0ISBN 978-2-36781-036-2<\/p>\n<p><a href=\"http:\/\/www.pulm.fr\"><big><b>Commander le livre<\/b><\/big><\/a><\/p>\n<p><img loading=\"lazy\" decoding=\"async\" class=\"alignnone size-large wp-image-90\" src=\"http:\/\/lesuniversdetemple.wordpress.com\/wp-content\/uploads\/2014\/01\/1c3a8re-de-couverture.jpg?w=440\" alt=\"1\u00e8re de couverture\" width=\"440\" height=\"661\" srcset=\"https:\/\/pfjt.vie-locale.fr\/wp-content\/uploads\/2014\/01\/1c3a8re-de-couverture.jpg 700w, https:\/\/pfjt.vie-locale.fr\/wp-content\/uploads\/2014\/01\/1c3a8re-de-couverture-200x300.jpg 200w, https:\/\/pfjt.vie-locale.fr\/wp-content\/uploads\/2014\/01\/1c3a8re-de-couverture-681x1024.jpg 681w\" sizes=\"auto, (max-width: 440px) 100vw, 440px\" \/><\/p>\n<p><strong>Documents<\/strong><\/p>\n<ul>\n<li><a href=\"http:\/\/lesuniversdetemple.wordpress.com\/wp-content\/uploads\/2014\/01\/introduction.pdf\">Introduction<\/a><\/li>\n<li><a href=\"http:\/\/lesuniversdetemple.wordpress.com\/wp-content\/uploads\/2014\/01\/table-des-matic3a8res.pdf\">Table des mati\u00e8res<\/a><\/li>\n<li><a href=\"http:\/\/lesuniversdetemple.wordpress.com\/wp-content\/uploads\/2014\/01\/table-des-illustrations.pdf\">Table des illustrations<\/a><\/li>\n<li><a href=\"http:\/\/lesuniversdetemple.wordpress.com\/wp-content\/uploads\/2014\/01\/les-auteurs.pdf\">Les auteurs<\/a><\/li>\n<li><a href=\"http:\/\/lesuniversdetemple.wordpress.com\/wp-content\/uploads\/2014\/01\/4e-de-couverture.pdf\">4e de couverture<\/a><\/li>\n<\/ul>\n<p><strong>Auteurs<br \/>\n<\/strong><\/p>\n<p>Pierre-Marie\u00a0H\u00e9ron\u00a0est professeur de\u00a0Litt\u00e9rature fran\u00e7aise \u00e0 l&rsquo;universit\u00e9\u00a0Paul-Val\u00e9ry Montpellier 3 et membre de l&rsquo;Institut universitaire de France.<br \/>\nClaude\u00a0Leroy\u00a0est\u00a0professeur \u00e9m\u00e9rite de Litt\u00e9rature fran\u00e7aise \u00e0 l\u2019universit\u00e9 Paris Ouest Nanterre.<\/p>\n<p>\u00catre un po\u00e8te univers n\u2019est pas un m\u00e9tier pour Temple ni une sp\u00e9cialit\u00e9 d\u2019homme de lettres. Se gardant d\u2019enfermer la po\u00e9sie dans le langage et moins encore dans une forme, il va \u00e0 sa recherche par chacun de ses gestes et dans chacune de ses entreprises. Lectures d\u2019enfance, voyages initiatiques, rencontres d\u00e9cisives entrent en osmose avec la passion de l\u2019\u00e9criture dans une qu\u00eate multiple du secret des choses.\u00a0\u00ab\u00a0Toute vie n&rsquo;est qu&rsquo;un po\u00e8me\u00a0\u00bb\u00a0disait Blaise Cendrars, son ami. Les \u00e9tudes r\u00e9unies dans ce volume rendent hommage \u00e0 l\u2019auteur de\u00a0<i>La Chasse infinie<\/i>, du\u00a0<i>Chant des limules<\/i>\u00a0et de\u00a0<i>Beaucoup de jours<\/i>\u00a0qui a fait sienne cette le\u00e7on de vie. Elles permettent\u00a0de red\u00e9couvrir les nombreux visages d\u2019une \u0153uvre et d\u2019une vie plac\u00e9es sous le double signe du voyage et de l\u2019attachement aux racines. \u00a0Le po\u00e8te, le romancier et le m\u00e9morialiste (qui \u00e9changent volontiers leurs casquettes) inlassablement curieux de l\u2019infinie diversit\u00e9 des \u00eatres, des choses et du langage\u2026 L\u2019homme de m\u00e9dias (chef des services de radio et de t\u00e9l\u00e9vision pour le Languedoc-Roussillon de 1954 \u00e0 1986), l\u2019animateur de revues (<i>Prospectus<\/i>,\u00a0<i>Entretiens<\/i>,\u00a0<i>Two Cities<\/i>,\u00a0<i>Dire<\/i>,\u00a0<i>F\u00e9nix<\/i>,\u00a0<i>Sud<\/i>,\u00a0<i>Autre Sud<\/i>\u2026)\u2026 L\u2019\u00e9crivain \u00ab\u00a0occitan de langue fran\u00e7aise\u00a0\u00bb et le voyageur aux nombreux horizons (de l\u2019Alg\u00e9rie au Qu\u00e9bec)\u2026\u00a0 L\u2019ami des peintres, avec lesquels il a multipli\u00e9 les livres d\u2019artiste, et l\u2019amateur de musique\u2026 Chemin faisant, on mesure combien l\u2019\u00e9crivain a \u00e9t\u00e9 et demeure rebelle aux cloisonnements et aux classifications. Chemin faisant, on mesure combien \u00ab\u00a0la po\u00e9sie n\u2019a cess\u00e9 de [l]\u2019accompagner de ses phares, balises ou feux brefs, pour jalonner [s]es routes et [s]es navigations.\u00a0\u00bb<\/p>\n","protected":false},"excerpt":{"rendered":"<p>P\u00e9riples &amp; parages. L\u2019\u0153uvre de Fr\u00e9d\u00e9ric Jacques Temple, actes du colloque international de Cerisy-la-Salle (14-21 ao\u00fbt 2015), Marie-Paule Berranger, Pierre-Marie H\u00e9ron et Claude Leroy (dir.), Paris, Hermann, 2016. Un volume 15,2 x 22,9 cm de 504 p., 200 illustrations, 41 \u20ac. ISBN : 978 2 70 56 92 79 7 Commander le livre Natif de [&hellip;]<\/p>\n","protected":false},"author":3,"featured_media":0,"parent":0,"menu_order":0,"comment_status":"closed","ping_status":"closed","template":"","meta":{"footnotes":""},"class_list":["post-9","page","type-page","status-publish","hentry"],"_links":{"self":[{"href":"https:\/\/frederic-jacques-temple.fr\/index.php\/wp-json\/wp\/v2\/pages\/9","targetHints":{"allow":["GET"]}}],"collection":[{"href":"https:\/\/frederic-jacques-temple.fr\/index.php\/wp-json\/wp\/v2\/pages"}],"about":[{"href":"https:\/\/frederic-jacques-temple.fr\/index.php\/wp-json\/wp\/v2\/types\/page"}],"author":[{"embeddable":true,"href":"https:\/\/frederic-jacques-temple.fr\/index.php\/wp-json\/wp\/v2\/users\/3"}],"replies":[{"embeddable":true,"href":"https:\/\/frederic-jacques-temple.fr\/index.php\/wp-json\/wp\/v2\/comments?post=9"}],"version-history":[{"count":1,"href":"https:\/\/frederic-jacques-temple.fr\/index.php\/wp-json\/wp\/v2\/pages\/9\/revisions"}],"predecessor-version":[{"id":677,"href":"https:\/\/frederic-jacques-temple.fr\/index.php\/wp-json\/wp\/v2\/pages\/9\/revisions\/677"}],"wp:attachment":[{"href":"https:\/\/frederic-jacques-temple.fr\/index.php\/wp-json\/wp\/v2\/media?parent=9"}],"curies":[{"name":"wp","href":"https:\/\/api.w.org\/{rel}","templated":true}]}}