{"id":531,"date":"2014-02-10T08:56:26","date_gmt":"2014-02-10T08:56:26","guid":{"rendered":"http:\/\/lesuniversdetemple.wordpress.com\/?page_id=531"},"modified":"2026-03-17T14:34:33","modified_gmt":"2026-03-17T14:34:33","slug":"abecedaire","status":"publish","type":"page","link":"https:\/\/frederic-jacques-temple.fr\/index.php\/abecedaire\/","title":{"rendered":"Ab\u00e9c\u00e9daire"},"content":{"rendered":"<p><span style=\"line-height:1.5em;\">L&rsquo;ab\u00e9c\u00e9daire Fr\u00e9d\u00e9ric Jacques Temple<\/span><\/p>\n<p><a href=\"http:\/\/issuu.com\/charlotteguy\/docs\/livret_abecedaire_blog?e=10987288\/6922897\"> <img loading=\"lazy\" decoding=\"async\" class=\"alignnone size-full wp-image-532\" alt=\"1656011_440150742783311_1208724125_n\" src=\"http:\/\/lesuniversdetemple.wordpress.com\/wp-content\/uploads\/2014\/02\/1656011_440150742783311_1208724125_n.jpg\" width=\"403\" height=\"274\" \/><\/a><\/p>\n<p><span style=\"line-height:1.5em;\">\u00c9dit\u00e9 \u00e0 l&rsquo;occasion de la rencontre du 22 f\u00e9vrier par les PULM.<\/span><\/p>\n<p><span style=\"line-height:1.5em;\">Un exemplaire a \u00e9t\u00e9 remis gratuitement aux personnes pr\u00e9sentes, dans la limite des exemplaires disponibles.<\/span><\/p>\n<p><a href=\"http:\/\/issuu.com\/charlotteguy\/docs\/livret_abecedaire_blog?e=10987288\/6922897\">Feuilleter l&rsquo;Ab\u00e9c\u00e9daire<\/a><\/p>\n<div style=\"width:400px;height:266px;\" class=\"issuuembed\"><\/div>\n<p>Quelques pages extraites de l&rsquo;Ab\u00e9c\u00e9daire :<\/p>\n<p><a href=\"http:\/\/lesuniversdetemple.wordpress.com\/wp-content\/uploads\/2014\/02\/1image-2.png\"><img loading=\"lazy\" decoding=\"async\" alt=\"1Image 2\" src=\"http:\/\/lesuniversdetemple.wordpress.com\/wp-content\/uploads\/2014\/02\/1image-2.png\" width=\"380\" height=\"544\" \/><\/a><\/p>\n<p><a href=\"http:\/\/lesuniversdetemple.wordpress.com\/wp-content\/uploads\/2014\/02\/image-4.png\"><img loading=\"lazy\" decoding=\"async\" class=\"alignnone size-large wp-image-561\" alt=\"Image 4\" src=\"http:\/\/lesuniversdetemple.wordpress.com\/wp-content\/uploads\/2014\/02\/image-4.png?w=389\" width=\"389\" height=\"537\" \/><\/a><br \/>\n<a href=\"http:\/\/lesuniversdetemple.wordpress.com\/wp-content\/uploads\/2014\/02\/image-5.png\"><img loading=\"lazy\" decoding=\"async\" class=\"alignnone size-large wp-image-562\" alt=\"Image 5\" src=\"http:\/\/lesuniversdetemple.wordpress.com\/wp-content\/uploads\/2014\/02\/image-5.png?w=390\" width=\"390\" height=\"546\" \/><\/a><\/p>\n","protected":false},"excerpt":{"rendered":"<p>L&rsquo;ab\u00e9c\u00e9daire Fr\u00e9d\u00e9ric Jacques Temple \u00c9dit\u00e9 \u00e0 l&rsquo;occasion de la rencontre du 22 f\u00e9vrier par les PULM. Un exemplaire a \u00e9t\u00e9 remis gratuitement aux personnes pr\u00e9sentes, dans la limite des exemplaires disponibles. Feuilleter l&rsquo;Ab\u00e9c\u00e9daire Quelques pages extraites de l&rsquo;Ab\u00e9c\u00e9daire :<\/p>\n","protected":false},"author":3,"featured_media":0,"parent":0,"menu_order":0,"comment_status":"closed","ping_status":"open","template":"","meta":{"footnotes":""},"class_list":["post-531","page","type-page","status-publish","hentry"],"_links":{"self":[{"href":"https:\/\/frederic-jacques-temple.fr\/index.php\/wp-json\/wp\/v2\/pages\/531","targetHints":{"allow":["GET"]}}],"collection":[{"href":"https:\/\/frederic-jacques-temple.fr\/index.php\/wp-json\/wp\/v2\/pages"}],"about":[{"href":"https:\/\/frederic-jacques-temple.fr\/index.php\/wp-json\/wp\/v2\/types\/page"}],"author":[{"embeddable":true,"href":"https:\/\/frederic-jacques-temple.fr\/index.php\/wp-json\/wp\/v2\/users\/3"}],"replies":[{"embeddable":true,"href":"https:\/\/frederic-jacques-temple.fr\/index.php\/wp-json\/wp\/v2\/comments?post=531"}],"version-history":[{"count":1,"href":"https:\/\/frederic-jacques-temple.fr\/index.php\/wp-json\/wp\/v2\/pages\/531\/revisions"}],"predecessor-version":[{"id":676,"href":"https:\/\/frederic-jacques-temple.fr\/index.php\/wp-json\/wp\/v2\/pages\/531\/revisions\/676"}],"wp:attachment":[{"href":"https:\/\/frederic-jacques-temple.fr\/index.php\/wp-json\/wp\/v2\/media?parent=531"}],"curies":[{"name":"wp","href":"https:\/\/api.w.org\/{rel}","templated":true}]}}