{"id":249,"date":"2014-01-20T10:08:49","date_gmt":"2014-01-20T10:08:49","guid":{"rendered":"http:\/\/lesuniversdetemple.wordpress.com\/?page_id=249"},"modified":"2026-03-18T14:31:35","modified_gmt":"2026-03-18T14:31:35","slug":"contact-credits","status":"publish","type":"page","link":"https:\/\/frederic-jacques-temple.fr\/index.php\/contact-credits\/","title":{"rendered":"Contact et cr\u00e9dits"},"content":{"rendered":"\n<div class=\"wpcf7 no-js\" id=\"wpcf7-f690-o1\" lang=\"fr-FR\" dir=\"ltr\" data-wpcf7-id=\"690\">\n<div class=\"screen-reader-response\"><p role=\"status\" aria-live=\"polite\" aria-atomic=\"true\"><\/p> <ul><\/ul><\/div>\n<form action=\"\/index.php\/wp-json\/wp\/v2\/pages\/249#wpcf7-f690-o1\" method=\"post\" class=\"wpcf7-form init\" aria-label=\"Formulaire de contact\" novalidate=\"novalidate\" data-status=\"init\">\n<fieldset class=\"hidden-fields-container\"><input type=\"hidden\" name=\"_wpcf7\" value=\"690\" \/><input type=\"hidden\" name=\"_wpcf7_version\" value=\"6.1.5\" \/><input type=\"hidden\" name=\"_wpcf7_locale\" value=\"fr_FR\" \/><input type=\"hidden\" name=\"_wpcf7_unit_tag\" value=\"wpcf7-f690-o1\" \/><input type=\"hidden\" name=\"_wpcf7_container_post\" value=\"0\" \/><input type=\"hidden\" name=\"_wpcf7_posted_data_hash\" value=\"\" \/><input type=\"hidden\" name=\"_wpcf7dtx_version\" value=\"5.0.5\" \/>\n<\/fieldset>\n<p><label> Votre nom<br \/>\n<span class=\"wpcf7-form-control-wrap\" data-name=\"your-name\"><input size=\"40\" maxlength=\"400\" class=\"wpcf7-form-control wpcf7-text wpcf7-validates-as-required\" autocomplete=\"name\" aria-required=\"true\" aria-invalid=\"false\" value=\"\" type=\"text\" name=\"your-name\" \/><\/span> <\/label>\n<\/p>\n<p><label> Votre e-mail<br \/>\n<span class=\"wpcf7-form-control-wrap\" data-name=\"your-email\"><input size=\"40\" maxlength=\"400\" class=\"wpcf7-form-control wpcf7-email wpcf7-validates-as-required wpcf7-text wpcf7-validates-as-email\" autocomplete=\"email\" aria-required=\"true\" aria-invalid=\"false\" value=\"\" type=\"email\" name=\"your-email\" \/><\/span> <\/label>\n<\/p>\n<p><label> Objet<br \/>\n<span class=\"wpcf7-form-control-wrap\" data-name=\"your-subject\"><input size=\"40\" maxlength=\"400\" class=\"wpcf7-form-control wpcf7-text wpcf7-validates-as-required\" aria-required=\"true\" aria-invalid=\"false\" value=\"\" type=\"text\" name=\"your-subject\" \/><\/span> <\/label>\n<\/p>\n<p><label> Votre message (facultatif)<br \/>\n<span class=\"wpcf7-form-control-wrap\" data-name=\"your-message\"><textarea cols=\"40\" rows=\"10\" maxlength=\"2000\" class=\"wpcf7-form-control wpcf7-textarea\" aria-invalid=\"false\" name=\"your-message\"><\/textarea><\/span> <\/label>\n<\/p>\n<p><input class=\"wpcf7-form-control wpcf7-submit has-spinner\" type=\"submit\" value=\"Envoyer\" \/>\n<\/p><div class=\"wpcf7-response-output\" aria-hidden=\"true\"><\/div>\n<\/form>\n<\/div>\n\n\n\n<p><span style=\"line-height:1.5em;\">Conception et r\u00e9daction\u00a0: Pierre-Marie H\u00e9ron<\/span><\/p>\n<p><span style=\"line-height:1.5em;\">Photos\u00a0: Fr\u00e9d\u00e9ric Jaulmes, Brigitte Portal, Jean-Louis Est\u00e8ves, Guy Barral, Marie-Pierre Boyer,\u00a0Andr\u00e9 Hampartzoumian, Fran\u00e7ois Engel, Louis Monier<br \/>\n<\/span><\/p>\n<p><span style=\"line-height:1.5em;\">R\u00e9alisation\u00a0: Nova M\u00e9dia Production (Philippe Couret, Corinne Cartaillac)<\/span><\/p>\n<p><span style=\"line-height:1.5em;\">Webmaster\u00a0: Charlotte Guy<\/span><\/p>\n<p><span style=\"line-height:1.5em;\">Les documents montr\u00e9s sur ce blog proviennent\u00a0:<\/span><\/p>\n<p>\u2013 <span style=\"line-height:1.5em;\">des archives du po\u00e8te et de sa femme Brigitte Portal\u00a0;<\/span><\/p>\n<p>\u2013 <span style=\"line-height:1.5em;\">du Fonds Temple de la M\u00e9diath\u00e8que centrale d&rsquo;Agglom\u00e9ration \u00c9mile-Zola de Montpellier\u00a0;<\/span><\/p>\n<p>\u2013 <span style=\"line-height:1.5em;\">des archives de la Maison de la Po\u00e9sie\u00a0;<\/span><\/p>\n<p>\u2013 <span style=\"line-height:1.5em;\">de collections particuli\u00e8res.<\/span><\/p>\n<p><span style=\"line-height:1.5em;\">Nous remercions tous les auteurs, ayants droit, \u00e9diteurs, d\u00e9positaires, et institutions d\u00e9positaires qui ont g\u00e9n\u00e9reusement autoris\u00e9 leur reproduction.<\/span><\/p>\n<address><span style=\"line-height:1.5em;\">Ces documents sont la propri\u00e9t\u00e9 exclusive de leurs titulaires respectifs. Toute reproduction totale ou partielle effectu\u00e9e \u00e0 partir des \u00e9l\u00e9ments du site sans l&rsquo;autorisation expresse de leurs propri\u00e9taires est donc prohib\u00e9e, au sens de l&rsquo;article L. 713-2 du Code de la propri\u00e9t\u00e9 intellectuelle. <\/span><\/address>","protected":false},"excerpt":{"rendered":"<p>Conception et r\u00e9daction\u00a0: Pierre-Marie H\u00e9ron Photos\u00a0: Fr\u00e9d\u00e9ric Jaulmes, Brigitte Portal, Jean-Louis Est\u00e8ves, Guy Barral, Marie-Pierre Boyer,\u00a0Andr\u00e9 Hampartzoumian, Fran\u00e7ois Engel, Louis Monier R\u00e9alisation\u00a0: Nova M\u00e9dia Production (Philippe Couret, Corinne Cartaillac) Webmaster\u00a0: Charlotte Guy Les documents montr\u00e9s sur ce blog proviennent\u00a0: \u2013 des archives du po\u00e8te et de sa femme Brigitte Portal\u00a0; \u2013 du Fonds Temple de [&hellip;]<\/p>\n","protected":false},"author":3,"featured_media":0,"parent":0,"menu_order":0,"comment_status":"closed","ping_status":"open","template":"","meta":{"footnotes":""},"class_list":["post-249","page","type-page","status-publish","hentry"],"_links":{"self":[{"href":"https:\/\/frederic-jacques-temple.fr\/index.php\/wp-json\/wp\/v2\/pages\/249","targetHints":{"allow":["GET"]}}],"collection":[{"href":"https:\/\/frederic-jacques-temple.fr\/index.php\/wp-json\/wp\/v2\/pages"}],"about":[{"href":"https:\/\/frederic-jacques-temple.fr\/index.php\/wp-json\/wp\/v2\/types\/page"}],"author":[{"embeddable":true,"href":"https:\/\/frederic-jacques-temple.fr\/index.php\/wp-json\/wp\/v2\/users\/3"}],"replies":[{"embeddable":true,"href":"https:\/\/frederic-jacques-temple.fr\/index.php\/wp-json\/wp\/v2\/comments?post=249"}],"version-history":[{"count":2,"href":"https:\/\/frederic-jacques-temple.fr\/index.php\/wp-json\/wp\/v2\/pages\/249\/revisions"}],"predecessor-version":[{"id":697,"href":"https:\/\/frederic-jacques-temple.fr\/index.php\/wp-json\/wp\/v2\/pages\/249\/revisions\/697"}],"wp:attachment":[{"href":"https:\/\/frederic-jacques-temple.fr\/index.php\/wp-json\/wp\/v2\/media?parent=249"}],"curies":[{"name":"wp","href":"https:\/\/api.w.org\/{rel}","templated":true}]}}