{"id":200,"date":"2014-01-20T09:03:04","date_gmt":"2014-01-20T09:03:04","guid":{"rendered":"http:\/\/lesuniversdetemple.wordpress.com\/?page_id=200"},"modified":"2026-03-17T14:34:33","modified_gmt":"2026-03-17T14:34:33","slug":"une-vie-1990-2008","status":"publish","type":"page","link":"https:\/\/frederic-jacques-temple.fr\/index.php\/une-vie-1990-2008\/","title":{"rendered":"Une vie 1990-2008"},"content":{"rendered":"<h1>1990<\/h1>\n<p>Invit\u00e9 \u00e0 Dublin par l\u2019Alliance Fran\u00e7aise. Le Prix Valery Larbaud lui est d\u00e9cern\u00e9 \u00e0 Vichy pour son <em>Anthologie personnelle<\/em>. Mort d\u2019Alfred Perl\u00e8s. S\u00e9jour de Gaston Miron \u00e0 Montpellier. Mort de Lawrence Durrell.<\/p>\n<p><a href=\"http:\/\/lesuniversdetemple.wordpress.com\/wp-content\/uploads\/2014\/01\/miron-villa-marguerite-1986.jpg\"><img loading=\"lazy\" decoding=\"async\" class=\"alignnone size-full wp-image-473\" alt=\"Miron Villa Marguerite 1986\" src=\"http:\/\/lesuniversdetemple.wordpress.com\/wp-content\/uploads\/2014\/01\/miron-villa-marguerite-1986.jpg\" width=\"404\" height=\"339\" \/><\/a><\/p>\n<p>Gaston Miron \u00e0 la Villa Marguerite en 1986<\/p>\n<h1>1991<\/h1>\n<p>Tournage d\u2019un dernier film, <em>Alger au temps des \u00ab Vraies Richesses \u00bb<\/em>, avec Edmond Charlot. Invit\u00e9 \u00e0 des lectures par l\u2019Universit\u00e9 de Venise et l\u2019Alliance Fran\u00e7aise. Au John C. Borden Auditorium de NY, assiste \u00e0 la cr\u00e9ation \u00a0de\u00a0<i>Villa Marguerite II<\/i>\u00a0de Pierre Charvet, pi\u00e8ce pour quatuor vocal, trois percussions, deux synth\u00e9tiseurs et quatre saxophones compos\u00e9e sur son po\u00e8me\u00a0<i>Horloge\u00a0<\/i>(<i>Paysages priv\u00e9s<\/i>).<\/p>\n<p><a href=\"http:\/\/lesuniversdetemple.wordpress.com\/wp-content\/uploads\/2014\/01\/pierrefjmatjpg.jpg\"><img loading=\"lazy\" decoding=\"async\" class=\"alignnone size-large wp-image-512\" alt=\"Pierre&amp;FJ&amp;MatJPG\" src=\"http:\/\/lesuniversdetemple.wordpress.com\/wp-content\/uploads\/2014\/01\/pierrefjmatjpg.jpg?w=440\" width=\"440\" height=\"630\" \/><\/a><\/p>\n<p>Avec Pierre (au centre) et Matthieu Charvet, fils de Brigitte Portal, au John C. Borden Auditorium<\/p>\n<p><a href=\"http:\/\/lesuniversdetemple.wordpress.com\/wp-content\/uploads\/2014\/01\/version-bilingue-du-poc3a8me-horloge-manuscrit-1991.jpg\"><img loading=\"lazy\" decoding=\"async\" class=\"alignnone size-large wp-image-474\" alt=\"Version bilingue du po\u00e8me Horloge manuscrit 1991\" src=\"http:\/\/lesuniversdetemple.wordpress.com\/wp-content\/uploads\/2014\/01\/version-bilingue-du-poc3a8me-horloge-manuscrit-1991.jpg?w=440\" width=\"440\" height=\"341\" \/><\/a><\/p>\n<p>Version manuscrite bilingue du po\u00e8me <i>Horloge<\/i> figurant dans le programme de <i>Villa Marguerite II<\/i><\/p>\n<p><a href=\"http:\/\/lesuniversdetemple.wordpress.com\/wp-content\/uploads\/2014\/01\/1991-detourer-svp-fj-temple-jardin-des-plantes-annie-estc3a8ves.jpg\"><img loading=\"lazy\" decoding=\"async\" class=\"alignnone size-large wp-image-313\" alt=\"1991 DETOURER SVP FJ Temple jardin des plantes Annie Est\u00e8ves\" src=\"http:\/\/lesuniversdetemple.wordpress.com\/wp-content\/uploads\/2014\/01\/1991-detourer-svp-fj-temple-jardin-des-plantes-annie-estc3a8ves.jpg?w=440\" width=\"440\" height=\"339\" \/><\/a><\/p>\n<h1>1992<\/h1>\n<p><em>Ulysse \u00e0 ses chiens<\/em> (Amay (Belgique), L\u2019Arbre \u00e0 Paroles). Lectures \u00e0 Trinity College et University College \u00e0 Dublin. Invit\u00e9 au Salon des \u00ab\u00c9tonnants Voyageurs\u00bb \u00e0 Saint-Malo. Causerie sur Thomas Hardy \u00e0 la Maison de la Po\u00e9sie \u00e0 Paris. Re\u00e7oit \u00e0 Nantes le Prix de l\u2019Acad\u00e9mie de Bretagne pour son roman <em>L\u2019Enclos<\/em>.<\/p>\n<p><a href=\"http:\/\/lesuniversdetemple.wordpress.com\/wp-content\/uploads\/2014\/01\/1992-lenclos.jpg\"><img loading=\"lazy\" decoding=\"async\" class=\"alignnone size-large wp-image-310\" alt=\"1992 L'Enclos\" src=\"http:\/\/lesuniversdetemple.wordpress.com\/wp-content\/uploads\/2014\/01\/1992-lenclos.jpg?w=440\" width=\"440\" height=\"834\" srcset=\"https:\/\/pfjt.vie-locale.fr\/wp-content\/uploads\/2014\/01\/1992-lenclos.jpg 588w, https:\/\/pfjt.vie-locale.fr\/wp-content\/uploads\/2014\/01\/1992-lenclos-158x300.jpg 158w, https:\/\/pfjt.vie-locale.fr\/wp-content\/uploads\/2014\/01\/1992-lenclos-540x1024.jpg 540w\" sizes=\"auto, (max-width: 440px) 100vw, 440px\" \/><\/a><\/p>\n<h1>1993<\/h1>\n<p>Concerts Pierre Charvet \u00e0 l\u2019Ircam et \u00e0 Berlin. Exposition \u00ab Cent vingt po\u00e8tes fran\u00e7ais contemporains \u00bb \u00e0 Beaubourg. Voyage en Isra\u00ebl. Lecture de po\u00e8mes pr\u00e9sent\u00e9s par Alain Borer \u00e0 la Maison de la Po\u00e9sie. Prix Roland de Jouvenel de l\u2019Acad\u00e9mie Fran\u00e7aise pour l\u2019ensemble de son \u0153uvre de critique et de traducteur.<\/p>\n<h1>1994<\/h1>\n<p>Publie un article dans <em>Le Monde<\/em> pour comm\u00e9morer la bataille du Monte Cassino. Lectures \u00e0 Atlanta et \u00e0 la Nouvelle-Orl\u00e9ans organis\u00e9es par Gil Jouanard. Coordination de l&rsquo;anthologie <em>Po\u00e8tes des \u00eeles<\/em> pour la revue <em>Sud<\/em>. R\u00e9union au Tremblay-sur-Mauldre pour le transfert des cendres de Blaise Cendrars. Colloque \u00ab Joseph Delteil \u00bb \u00e0 Cerisy-la-Salle. S\u00e9jour estival \u00e0 Long Island. Voyage \u00e0 Madrid.<\/p>\n<p><a href=\"http:\/\/lesuniversdetemple.wordpress.com\/wp-content\/uploads\/2014\/01\/4-fred4518-fjt-devant-la-maison-de-walt-whitman-c3a0-west-hills-1994.jpg\"><img loading=\"lazy\" decoding=\"async\" class=\"alignnone size-large wp-image-411\" alt=\"4 FRED4518 FJT devant la maison de Walt Whitman \u00e0 West Hills 1994\" src=\"http:\/\/lesuniversdetemple.wordpress.com\/wp-content\/uploads\/2014\/01\/4-fred4518-fjt-devant-la-maison-de-walt-whitman-c3a0-west-hills-1994.jpg?w=440\" width=\"440\" height=\"294\" \/><\/a><\/p>\n<p>Devant la maison de Walt Whitman \u00e0 West Hills<\/p>\n<h1>1995<\/h1>\n<p>Concert Pierre Charvet \u00e0 l\u2019Op\u00e9ra Berlioz \u00e0 Montpellier. Table ronde \u00e0 Villeneuve-sur-Lot sur Edmond Charlot et l\u2019Alg\u00e9rie avec Jean P\u00e9l\u00e9gri et Jean Daniel. Conf\u00e9rence sur \u00ab Jean Hugo et le Sud \u00bb, au Corum \u00e0 Montpellier. Publication de <em>La Chasse infinie<\/em> (Paris, Granit).<\/p>\n<p><a href=\"http:\/\/lesuniversdetemple.wordpress.com\/wp-content\/uploads\/2014\/01\/1995-la-chasse-infinie.jpg\"><img loading=\"lazy\" decoding=\"async\" class=\"alignnone size-large wp-image-311\" alt=\"1995 la Chasse infinie\" src=\"http:\/\/lesuniversdetemple.wordpress.com\/wp-content\/uploads\/2014\/01\/1995-la-chasse-infinie.jpg?w=440\" width=\"440\" height=\"629\" srcset=\"https:\/\/pfjt.vie-locale.fr\/wp-content\/uploads\/2014\/01\/1995-la-chasse-infinie.jpg 920w, https:\/\/pfjt.vie-locale.fr\/wp-content\/uploads\/2014\/01\/1995-la-chasse-infinie-210x300.jpg 210w, https:\/\/pfjt.vie-locale.fr\/wp-content\/uploads\/2014\/01\/1995-la-chasse-infinie-716x1024.jpg 716w, https:\/\/pfjt.vie-locale.fr\/wp-content\/uploads\/2014\/01\/1995-la-chasse-infinie-768x1099.jpg 768w\" sizes=\"auto, (max-width: 440px) 100vw, 440px\" \/><\/a><\/p>\n<h1>1996<\/h1>\n<p>Publication de <em>La Route de San Romano<\/em> (Actes Sud) et de <em>Merry-go-round<\/em>, d\u00e9di\u00e9 \u00e0 Blaise Cendrars. Lecture de po\u00e8mes de l&rsquo;<em>Anthologie personnelle<\/em> dans l&rsquo;\u00e9mission de Jean-Baptiste Para \u00ab Po\u00e9sie sur parole \u00bb sur France-Culture. S\u00e9jour \u00e0 La Haye et \u00e0 Delft pour l\u2019exposition Vermeer. Qohelet de Pierre Charvet programm\u00e9 \u00e0 l\u2019Ircam. Mort de Gaston Miron.<\/p>\n<p><a href=\"http:\/\/lesuniversdetemple.wordpress.com\/wp-content\/uploads\/2014\/01\/fred8297.jpg\"><img loading=\"lazy\" decoding=\"async\" class=\"alignnone size-large wp-image-435\" alt=\"FRED8297\" src=\"http:\/\/lesuniversdetemple.wordpress.com\/wp-content\/uploads\/2014\/01\/fred8297.jpg?w=440\" width=\"440\" height=\"566\" \/><\/a><\/p>\n<h1>1997<\/h1>\n<p>S\u00e9jour \u00e0 New York. Rencontres Po\u00e9tiques Internationales de G\u00eanes avec Gil Jouanard. Long s\u00e9jour au Br\u00e9sil \u00e0 l\u2019occasion du colloque \u00ab L\u2019Utopialand de Blaise Cendrars \u00bb.<\/p>\n<p><a href=\"http:\/\/lesuniversdetemple.wordpress.com\/wp-content\/uploads\/2014\/01\/fred8302.jpg\"><img loading=\"lazy\" decoding=\"async\" class=\"alignnone size-large wp-image-436\" alt=\"FRED8302\" src=\"http:\/\/lesuniversdetemple.wordpress.com\/wp-content\/uploads\/2014\/01\/fred8302.jpg?w=440\" width=\"440\" height=\"617\" \/><\/a><\/p>\n<h1>1998<\/h1>\n<p>R\u00e9cital de po\u00e9sie Henri Pichette au Th\u00e9\u00e2tre du Rond-Point. S\u00e9jour \u00e0 l\u2019Ile aux Moines.<\/p>\n<h1>1999<\/h1>\n<p>Mort de Henk Breuker. Hommage \u00e0 Gaston Miron lors du Salon du Livre \u00e0 Paris. Promu Officier des Arts et Lettres. Lecture \u00e0 la Maison de la Po\u00e9sie\/Th\u00e9\u00e2tre Moli\u00e8re, pr\u00e9sent\u00e9e par Catherine Portevin. Une Journ\u00e9e lui est consacr\u00e9e \u00e0 l\u2019Universit\u00e9 Paris X-Nanterre, sous la direction de Claude Leroy.<\/p>\n<p>\u00ab Moi, qui ne suis pas un po\u00e8te intellectuel, j\u2019ai eu la chance cependant d\u2019\u00eatre soutenu et compris, depuis de longues ann\u00e9es, par ces lecteurs avis\u00e9s et savants que sont les universitaires, au premier rang desquels Claude Leroy qui vient d\u2019\u00e9diter Blaise Cendrars dans la biblioth\u00e8que de La Pl\u00e9iade. \u00bb<\/p>\n<p style=\"text-align:right;\">Remerciements pour le Prix Apollinaire, 2013<\/p>\n<p style=\"text-align:left;\"><a href=\"http:\/\/lesuniversdetemple.wordpress.com\/wp-content\/uploads\/2014\/01\/fred4521-fjt-et-xx-au-quc3a9bec.jpg\"><img loading=\"lazy\" decoding=\"async\" class=\"alignnone size-large wp-image-363\" alt=\"FRED4521 FJT et xx au Qu\u00e9bec\" src=\"http:\/\/lesuniversdetemple.wordpress.com\/wp-content\/uploads\/2014\/01\/fred4521-fjt-et-xx-au-quc3a9bec.jpg?w=440\" width=\"440\" height=\"659\" \/><\/a><\/p>\n<p style=\"text-align:left;\">A Val David (Qu\u00e9bec) en 1999, chez le peintre Ren\u00e9 Derouin<\/p>\n<h1>2000<\/h1>\n<p>Entre au comit\u00e9 de r\u00e9daction de la revue <em>Autre Sud<\/em>, o\u00f9 il va notamment coordonner les dossiers consacr\u00e9s \u00e0 Robert Marteau (2001), Luis Miz\u00f3n (2002), Pierre Morency (2003), James Sacr\u00e9 (2004), Annie Salager (2006) et Kenneth White (2009). Participe aux Rencontres Internationales du Qu\u00e9bec, \u00ab Les \u00c9crivains et la Guerre \u00bb. Publie une <em>Lettre \u00e0 Curzio Malaparte<\/em>. Mort \u00e0 Paris d\u2019Henri Pichette. Assiste au colloque \u00ab Blaise Cendrars au carrefour des avant-gardes \u00bb, \u00e0 l\u2019Universit\u00e9 de Sofia.<\/p>\n<p><a href=\"http:\/\/lesuniversdetemple.wordpress.com\/wp-content\/uploads\/2014\/01\/fred4517.jpg\"><img loading=\"lazy\" decoding=\"async\" class=\"alignnone size-large wp-image-437\" alt=\"FRED4517\" src=\"http:\/\/lesuniversdetemple.wordpress.com\/wp-content\/uploads\/2014\/01\/fred4517.jpg?w=440\" width=\"440\" height=\"294\" \/><\/a><\/p>\n<p>Sur la tombe de Malaparte en 1998<\/p>\n<h1>2001<\/h1>\n<p>S\u00e9jour au Cap-Vert, dans l\u2019\u00eele de Sal. Mort de son ami le typographe Jean Le Mauve. Publication des actes du colloque <em>\u00c0 la rencontre de Fr\u00e9d\u00e9ric Jacques Temple<\/em> (revue <em>RITM<\/em>, n\u00b0 23, Universit\u00e9 Paris X-Nanterre) dirig\u00e9 par Claude Leroy. Grande f\u00eate \u00e0 l\u2019H\u00f4tel Astoria de Saint-P\u00e9tersbourg, avec amis, enfants et petits-enfants, pour son quatre-vingti\u00e8me anniversaire. Lors des Rencontres Internationales de Po\u00e9sie \u00e0 Alvito (Ciociaria), revisite les lieux o\u00f9 il a combattu : Naples, Venafro, Terelle, Sant\u2019Elia, le Garigliano; dit ses po\u00e8mes au Th\u00e9\u00e2tre Romain de Cassino devant une centaine d\u2019\u00e9coliers. Lecture \u00e0 l\u2019Institut Fran\u00e7ais de Zagreb.<\/p>\n<p><a href=\"http:\/\/lesuniversdetemple.wordpress.com\/wp-content\/uploads\/2014\/01\/fred8310.jpg\"><img loading=\"lazy\" decoding=\"async\" class=\"alignnone size-large wp-image-438\" alt=\"FRED8310\" src=\"http:\/\/lesuniversdetemple.wordpress.com\/wp-content\/uploads\/2014\/01\/fred8310.jpg?w=440\" width=\"440\" height=\"623\" \/><\/a><\/p>\n\n<p><i>L&rsquo;Ombre de la lune<\/i>, pi\u00e8ce pour voix et dispositif \u00e9lectronique de\u00a0Pierre Charvet sur un po\u00e8me de Temple, \u00e0 l&rsquo;occasion de ses 80 ans. Avec l&rsquo;autorisation de P. Charvet.<\/p>\n<h1>2002<\/h1>\n<p>Publie <em>\u00c0 l\u2019ombre du figuier<\/em>, po\u00e8mes, avec des gouaches d\u2019Alain Cl\u00e9ment (Fata Morgana). Invit\u00e9 au Salon du Livre de Cuba ; visite la Finca Vigia d\u2019Ernest Hemingway. Derni\u00e8re participation aux Journ\u00e9es Internationales de Po\u00e9sie de Rodez qu\u2019il avait cr\u00e9\u00e9es avec Jean Digot, Denys-Paul Bouloc et Pierre Loubi\u00e8re en 1950.<\/p>\n<p><a href=\"http:\/\/lesuniversdetemple.wordpress.com\/wp-content\/uploads\/2014\/01\/fred8308.jpg\"><img loading=\"lazy\" decoding=\"async\" class=\"alignnone size-large wp-image-439\" alt=\"FRED8308\" src=\"http:\/\/lesuniversdetemple.wordpress.com\/wp-content\/uploads\/2014\/01\/fred8308.jpg?w=440\" width=\"440\" height=\"580\" \/><\/a><\/p>\n<h1>2003<\/h1>\n<p>S\u00e9jour \u00e0 Marrakech. Suite \u00e0 la parution du r\u00e9cit <em>Le Chant des Limules<\/em> (Actes Sud), re\u00e7oit le Grand Prix de Printemps de la Soci\u00e9t\u00e9 des Gens de Lettres pour l\u2019ensemble de son \u0153uvre. \u00c0 Alger, o\u00f9 il n\u2019\u00e9tait pas revenu depuis 1943, il retrouve, dans l\u2019ancienne rue Charras, la librairie \u00ab Les Vraies Richesses \u00bb d\u2019Edmond Charlot. Mort \u00e0 Montpellier de Jean Debernard, le lendemain de la fermeture de sa librairie Moli\u00e8re o\u00f9 il accueillait \u00e9crivains, po\u00e8tes et com\u00e9diens. Participe aux journ\u00e9es consacr\u00e9es \u00e0 Mohammed Dib \u00e0 Tlemcen. S\u00e9jour estival en famille \u00e0 Petite Rivi\u00e8re Saint-Fran\u00e7ois, sur les bords du Saint-Laurent \u00e0 l\u2019invitation de Pierre Morency.<\/p>\n<p><a href=\"http:\/\/lesuniversdetemple.wordpress.com\/wp-content\/uploads\/2014\/01\/2003-c2006-imprimeurs-ateliers-domens.jpg\"><img loading=\"lazy\" decoding=\"async\" class=\"alignnone size-large wp-image-312\" alt=\"2003 C2006 Imprimeurs ateliers Domens\" src=\"http:\/\/lesuniversdetemple.wordpress.com\/wp-content\/uploads\/2014\/01\/2003-c2006-imprimeurs-ateliers-domens.jpg?w=440\" width=\"440\" height=\"296\" \/><\/a><\/p>\n<h1>2004<\/h1>\n<p>Publie <em>Ode \u00e0 Saint-Petersbourg<\/em>, po\u00e8mes, avec une s\u00e9rigraphie de Pierre Soulages (\u00c9d. Trames). R\u00e9\u00e9dition compl\u00e9t\u00e9e d\u2019<em>Henry Miller<\/em> (Buchet\/Chastel), traduit la m\u00eame ann\u00e9e en Gr\u00e8ce (Elektra). Participe \u00e0 un documentaire sur Blaise Cendrars tourn\u00e9 par Thomas Gilou. Apprend la mort d\u2019Edmond Charlot \u00e0 P\u00e9zenas.<\/p>\n<p><a href=\"http:\/\/lesuniversdetemple.wordpress.com\/wp-content\/uploads\/2014\/01\/avec-charlot-et-jean-pc3a9lc3a9gri-c3a0-pc3a9zenas-1998.jpg\"><img loading=\"lazy\" decoding=\"async\" class=\"alignnone size-large wp-image-492\" alt=\"Avec Charlot et Jean P\u00e9l\u00e9gri \u00e0 P\u00e9zenas 1998\" src=\"http:\/\/lesuniversdetemple.wordpress.com\/wp-content\/uploads\/2014\/01\/avec-charlot-et-jean-pc3a9lc3a9gri-c3a0-pc3a9zenas-1998.jpg?w=440\" width=\"440\" height=\"292\" \/><\/a><\/p>\n<p>Avec\u00a0Edmond Charlot (\u00e0 droite) et Jean P\u00e9l\u00e9gri \u00e0 P\u00e9zenas, en 1998<\/p>\n<h1>2005<\/h1>\n<p>Signature de <em>Phares, balises &amp; feux brefs<\/em>, po\u00e8mes (\u00c9d. Proverbe) au Salon du Livre de Mortagne dans le Perche o\u00f9 r\u00e9side son \u00e9diteur. Lectures dans divers lieux, dont Li\u00e8ge, Apt, Bergerac, Troyes. Disparition d\u2019amis proches : Max Rouquette, Denys-Paul Bouloc, Jean Carri\u00e8re, Jacques Proust et Albert Dupin. S\u00e9journe \u00e0 l\u2019\u00eele Mol\u00e8ne, en mer d\u2019Iroise. S\u00e9jour familial en Gr\u00e8ce : Ath\u00e8nes, \u00c9leusis, Corinthe, \u00c9pidaure, Myc\u00e8nes, Delphes.<\/p>\n<p><a href=\"http:\/\/lesuniversdetemple.wordpress.com\/wp-content\/uploads\/2014\/01\/fjtemple-15-fred8291-molc3a8ne-poc3a8me-c3a0-brigitte-2005.jpg\"><img loading=\"lazy\" decoding=\"async\" class=\"alignnone size-large wp-image-409\" alt=\"FJTEMPLE 15 FRED8291 Mol\u00e8ne (po\u00e8me \u00e0 Brigitte) 2005\" src=\"http:\/\/lesuniversdetemple.wordpress.com\/wp-content\/uploads\/2014\/01\/fjtemple-15-fred8291-molc3a8ne-poc3a8me-c3a0-brigitte-2005.jpg?w=440\" width=\"440\" height=\"619\" \/><\/a><\/p>\n<h1>2006<\/h1>\n<p>En janvier \u00e0 Venise, dans le Palazzo Canova, pr\u00e8s de la Ca\u2019 d\u2019Oro. S\u00e9jour \u00e0 Cabourg et \u00e0 Honfleur. Pr\u00e9sentation d\u2019<em>Un \u00e9moi sans fronti\u00e8res<\/em>, po\u00e8mes avec des gravures sur bois de Ren\u00e9 Deroin (\u00c9d. Le L\u00e9zard amoureux, Qu\u00e9bec) lors du Festival International de Litt\u00e9rature de Montr\u00e9al. Lecture de ses po\u00e8mes au Conservatoire National de R\u00e9gion de Montpellier, par Denis Lavant. S\u00e9jour \u00e0 Madrid aupr\u00e8s de son petit-fils Baptiste.<\/p>\n<p><a href=\"http:\/\/lesuniversdetemple.wordpress.com\/wp-content\/uploads\/2014\/01\/2006-frc3a9dc3a9ric-jacques-temple-et-denis-lavant-annie-estc3a8ves.jpg\"><img loading=\"lazy\" decoding=\"async\" class=\"alignnone size-large wp-image-316\" alt=\"2006 Fr\u00e9d\u00e9ric Jacques Temple et Denis Lavant Annie Est\u00e8ves\" src=\"http:\/\/lesuniversdetemple.wordpress.com\/wp-content\/uploads\/2014\/01\/2006-frc3a9dc3a9ric-jacques-temple-et-denis-lavant-annie-estc3a8ves.jpg?w=440\" width=\"440\" height=\"338\" srcset=\"https:\/\/pfjt.vie-locale.fr\/wp-content\/uploads\/2014\/01\/2006-frc3a9dc3a9ric-jacques-temple-et-denis-lavant-annie-estc3a8ves.jpg 1305w, https:\/\/pfjt.vie-locale.fr\/wp-content\/uploads\/2014\/01\/2006-frc3a9dc3a9ric-jacques-temple-et-denis-lavant-annie-estc3a8ves-300x231.jpg 300w, https:\/\/pfjt.vie-locale.fr\/wp-content\/uploads\/2014\/01\/2006-frc3a9dc3a9ric-jacques-temple-et-denis-lavant-annie-estc3a8ves-1024x788.jpg 1024w, https:\/\/pfjt.vie-locale.fr\/wp-content\/uploads\/2014\/01\/2006-frc3a9dc3a9ric-jacques-temple-et-denis-lavant-annie-estc3a8ves-768x591.jpg 768w\" sizes=\"auto, (max-width: 440px) 100vw, 440px\" \/><\/a><\/p>\n<h1>2007<\/h1>\n<p>D\u00e9couverte de la Sicile \u00e0 l\u2019occasion d\u2019un colloque Cendrars \u00e0 l\u2019Universit\u00e9 de Palerme. Ascension de l\u2019Etna. S\u00e9jour en \u00c9cosse. Obtient le Prix Paul Verlaine de l\u2019Acad\u00e9mie Fran\u00e7aise. Un nouveau colloque (<em>Fr\u00e9d\u00e9ric Jacques Temple, l\u2019aventure de vivre<\/em>) lui est consacr\u00e9 par l\u2019Universit\u00e9 de Nice-Sophia-Antipolis, au monast\u00e8re de Saorge et au village d\u2019Aiglun chez Patrick Quillier.<\/p>\n<h1>2008<\/h1>\n<p>Quitte Montpellier pour s\u2019\u00e9tablir dans un village du Gard, Aujargues. S\u00e9jour \u00e0 Venise. Catherine Portevin l\u2019interviewe longuement, sur France-Culture, pour l\u2019\u00e9mission \u00ab\u00c0 voix nue\u00bb. Collaboration avec le sculpteur Emmanuel Fillot pour une \u0153uvre de \u00ab land-art \u00bb \u00e0 la Bambouseraie de Prafrance pr\u00e8s d\u2019Anduze.<\/p>\n<p><a href=\"http:\/\/lesuniversdetemple.wordpress.com\/wp-content\/uploads\/2014\/01\/fjtmigrations.jpg\"><img loading=\"lazy\" decoding=\"async\" class=\"alignnone size-large wp-image-498\" alt=\"FJTMigrations\" src=\"http:\/\/lesuniversdetemple.wordpress.com\/wp-content\/uploads\/2014\/01\/fjtmigrations.jpg?w=440\" width=\"440\" height=\"329\" \/><\/a><\/p>\n<p>Avec\u00a0Emmanuel Fillot, le jour de l&rsquo;inauguration \u00e0 la\u00a0Bambouseraie<\/p>\n<p><a href=\"http:\/\/lesuniversdetemple.wordpress.com\/wp-content\/uploads\/2014\/01\/2008-detourer-fjtemple-2006-annie-estc3a8ves1.jpg\"><img loading=\"lazy\" decoding=\"async\" class=\"alignnone size-large wp-image-319\" alt=\"2008 DETOURER FJTemple 2006 Annie Est\u00e8ves\" src=\"http:\/\/lesuniversdetemple.wordpress.com\/wp-content\/uploads\/2014\/01\/2008-detourer-fjtemple-2006-annie-estc3a8ves1.jpg?w=440\" width=\"440\" height=\"516\" \/><\/a><\/p>\n","protected":false},"excerpt":{"rendered":"<p>1990 Invit\u00e9 \u00e0 Dublin par l\u2019Alliance Fran\u00e7aise. Le Prix Valery Larbaud lui est d\u00e9cern\u00e9 \u00e0 Vichy pour son Anthologie personnelle. Mort d\u2019Alfred Perl\u00e8s. S\u00e9jour de Gaston Miron \u00e0 Montpellier. Mort de Lawrence Durrell. Gaston Miron \u00e0 la Villa Marguerite en 1986 1991 Tournage d\u2019un dernier film, Alger au temps des \u00ab Vraies Richesses \u00bb, avec [&hellip;]<\/p>\n","protected":false},"author":3,"featured_media":0,"parent":0,"menu_order":0,"comment_status":"closed","ping_status":"open","template":"","meta":{"footnotes":""},"class_list":["post-200","page","type-page","status-publish","hentry"],"_links":{"self":[{"href":"https:\/\/frederic-jacques-temple.fr\/index.php\/wp-json\/wp\/v2\/pages\/200","targetHints":{"allow":["GET"]}}],"collection":[{"href":"https:\/\/frederic-jacques-temple.fr\/index.php\/wp-json\/wp\/v2\/pages"}],"about":[{"href":"https:\/\/frederic-jacques-temple.fr\/index.php\/wp-json\/wp\/v2\/types\/page"}],"author":[{"embeddable":true,"href":"https:\/\/frederic-jacques-temple.fr\/index.php\/wp-json\/wp\/v2\/users\/3"}],"replies":[{"embeddable":true,"href":"https:\/\/frederic-jacques-temple.fr\/index.php\/wp-json\/wp\/v2\/comments?post=200"}],"version-history":[{"count":1,"href":"https:\/\/frederic-jacques-temple.fr\/index.php\/wp-json\/wp\/v2\/pages\/200\/revisions"}],"predecessor-version":[{"id":688,"href":"https:\/\/frederic-jacques-temple.fr\/index.php\/wp-json\/wp\/v2\/pages\/200\/revisions\/688"}],"wp:attachment":[{"href":"https:\/\/frederic-jacques-temple.fr\/index.php\/wp-json\/wp\/v2\/media?parent=200"}],"curies":[{"name":"wp","href":"https:\/\/api.w.org\/{rel}","templated":true}]}}