{"id":195,"date":"2014-01-20T08:56:03","date_gmt":"2014-01-20T08:56:03","guid":{"rendered":"http:\/\/lesuniversdetemple.wordpress.com\/?page_id=195"},"modified":"2026-03-17T14:34:33","modified_gmt":"2026-03-17T14:34:33","slug":"une-vie-1972-1989","status":"publish","type":"page","link":"https:\/\/frederic-jacques-temple.fr\/index.php\/une-vie-1972-1989\/","title":{"rendered":"Une vie 1972-1989"},"content":{"rendered":"<h1>1972<\/h1>\n<p>\u00c9t\u00e9 sur le Causse M\u00e9jean. Tournage dans les C\u00e9vennes avec Jean Carri\u00e8re d\u2019un film pour la t\u00e9l\u00e9vision, <em>Andr\u00e9 Chamson ou La Terre Promise<\/em> (film diffus\u00e9 l&rsquo;ann\u00e9e suivante). Serge Michenaud obtient le Prix Guillaume Apollinaire, et Jean Carri\u00e8re le Prix Goncourt pour <em>L\u2019\u00c9pervier de Maheux<\/em>.<\/p>\n<p><a href=\"http:\/\/lesuniversdetemple.wordpress.com\/wp-content\/uploads\/2014\/01\/1972-la-grande-draille.jpg\"><img loading=\"lazy\" decoding=\"async\" class=\"alignnone size-large wp-image-306\" alt=\"1972 La Grande Draille\" src=\"http:\/\/lesuniversdetemple.wordpress.com\/wp-content\/uploads\/2014\/01\/1972-la-grande-draille.jpg?w=440\" width=\"440\" height=\"446\" srcset=\"https:\/\/pfjt.vie-locale.fr\/wp-content\/uploads\/2014\/01\/1972-la-grande-draille.jpg 1762w, https:\/\/pfjt.vie-locale.fr\/wp-content\/uploads\/2014\/01\/1972-la-grande-draille-296x300.jpg 296w, https:\/\/pfjt.vie-locale.fr\/wp-content\/uploads\/2014\/01\/1972-la-grande-draille-1010x1024.jpg 1010w, https:\/\/pfjt.vie-locale.fr\/wp-content\/uploads\/2014\/01\/1972-la-grande-draille-768x779.jpg 768w, https:\/\/pfjt.vie-locale.fr\/wp-content\/uploads\/2014\/01\/1972-la-grande-draille-1515x1536.jpg 1515w\" sizes=\"auto, (max-width: 440px) 100vw, 440px\" \/><\/a><\/p>\n<p><i>La Grande Draille<\/i>,\u00a0projet de film avec Jean Carri\u00e8re en 1971<\/p>\n<p><a href=\"http:\/\/lesuniversdetemple.wordpress.com\/wp-content\/uploads\/2014\/01\/1973-fjt-et-serge-michenaud-1971.jpg\"><img loading=\"lazy\" decoding=\"async\" class=\"alignnone size-large wp-image-353\" alt=\"1973 FJT et Serge Michenaud 1971\" src=\"http:\/\/lesuniversdetemple.wordpress.com\/wp-content\/uploads\/2014\/01\/1973-fjt-et-serge-michenaud-1971.jpg?w=440\" width=\"440\" height=\"328\" srcset=\"https:\/\/pfjt.vie-locale.fr\/wp-content\/uploads\/2014\/01\/1973-fjt-et-serge-michenaud-1971.jpg 2112w, https:\/\/pfjt.vie-locale.fr\/wp-content\/uploads\/2014\/01\/1973-fjt-et-serge-michenaud-1971-300x224.jpg 300w, https:\/\/pfjt.vie-locale.fr\/wp-content\/uploads\/2014\/01\/1973-fjt-et-serge-michenaud-1971-1024x766.jpg 1024w, https:\/\/pfjt.vie-locale.fr\/wp-content\/uploads\/2014\/01\/1973-fjt-et-serge-michenaud-1971-768x574.jpg 768w, https:\/\/pfjt.vie-locale.fr\/wp-content\/uploads\/2014\/01\/1973-fjt-et-serge-michenaud-1971-1536x1148.jpg 1536w, https:\/\/pfjt.vie-locale.fr\/wp-content\/uploads\/2014\/01\/1973-fjt-et-serge-michenaud-1971-2048x1531.jpg 2048w\" sizes=\"auto, (max-width: 440px) 100vw, 440px\" \/><\/a><\/p>\n<p>FJT et Serge Michenaud\u00a0sur une plage de l&rsquo;Atlantique (pr\u00e8s de Bordeaux) en 1971<\/p>\n<p>\u00ab Serge Michenaud, couronn\u00e9 du Prix Apollinaire en 1972 pour son recueil\u00a0<em>Scorpion-Orph\u00e9e<\/em>, premier volume d\u2019une saga que la mort interrompit l\u2019ann\u00e9e suivante, \u00e9tait un Breton \u00e0 la forte carrure physique et spirituelle qui avait sourdement la prescience que, pour lui, le temps allait trop vite. Je relis souvent une de ses derni\u00e8res lettres qui m\u2019appara\u00eet aujourd\u2019hui comme une adresse \u00e0 tous ceux qui, vivant en po\u00e9sie, se doivent et doivent aux autres de ne pas diff\u00e9rer le face \u00e0 face avec soi-m\u00eame. \u201cLa po\u00e9sie, m\u2019\u00e9crivait-il, est ta seule parole, le seul nom par lequel, obscur\u00e9ment, quelqu\u2019un qui est toi, t\u2019appelle\u201d. Je me souviens qu\u2019un soir, ayant \u00e9chou\u00e9 sur le Banc d\u2019Argain, nous avons pos\u00e9 les questions qui s\u2019adressent \u00e0 tous, devant un petit feu de bois, sous les \u00e9toiles, \u00e0 l\u2019\u00e9coute des oiseaux marins, en attendant que la mar\u00e9e nous remette \u00e0 flot. Le silence qui nous submergeait \u00e9tait peut-\u00eatre une r\u00e9ponse. \u00bb<\/p>\n<p style=\"text-align:right;\">Remerciements pour le Prix Apollinaire, 2013<\/p>\n<h1>1973<\/h1>\n<p>Voyage dans les villes hans\u00e9atiques et aux Pays-Bas. Tournage avec Nino Frank et Philippe Agostini du\u00a0<em>Monde Merveilleux de Paul Gilson<\/em>. Ce film sera pr\u00e9sent\u00e9 \u00e0 Cannes, hors festival. Coordonne aussi pour la radio\u00a0<em>Images de Paul Gilson<\/em>, une coproduction de plusieurs stations r\u00e9gionales. S\u00e9jour chez les moines du Mont Saint-Michel, qu\u2019il renouvellera souvent. Mort de Serge Michenaud.<\/p>\n<p><a href=\"http:\/\/lesuniversdetemple.wordpress.com\/wp-content\/uploads\/2014\/01\/la-jasse-haute-plage2.jpg\"><img loading=\"lazy\" decoding=\"async\" class=\"alignnone size-large wp-image-499\" alt=\"La Jasse Haute-Plage\" src=\"http:\/\/lesuniversdetemple.wordpress.com\/wp-content\/uploads\/2014\/01\/la-jasse-haute-plage2.jpg?w=440\" width=\"440\" height=\"382\" \/><\/a><\/p>\n<p>\u00c0\u00a0La Jasse, sur l&rsquo;ancien domaine de Haute-Plage<\/p>\n<h1>1974<\/h1>\n<p>Retour en Hollande avec Henk Breuker. Tournage \u00e0 Fourques avec Jacques Rour\u00e9 du film <em>Jean Hugo ou un reflet du Paradis<\/em>. En Loz\u00e8re, il va revoir Les Estrets de son enfance. Il reviendra chaque ann\u00e9e sur l\u2019Aubrac et la Margeride. Passe quelques jours chez Joseph Delteil dans la Montagne Noire. Publie <em>Les Grands arbres<\/em>, po\u00e8mes (Paris, Guy Chambelland).<\/p>\n<p><a href=\"http:\/\/lesuniversdetemple.wordpress.com\/wp-content\/uploads\/2014\/01\/2-fred4477-fjt-chapeau-couleur.jpg\"><img loading=\"lazy\" decoding=\"async\" alt=\"2 FRED4477 FJT chapeau couleur\" src=\"http:\/\/lesuniversdetemple.wordpress.com\/wp-content\/uploads\/2014\/01\/2-fred4477-fjt-chapeau-couleur.jpg?w=440\" width=\"440\" height=\"286\" \/><\/a><\/p>\n<p style=\"text-align:left;\">FJT interpr\u00e8te C\u00e9zanne pour un documentaire t\u00e9l\u00e9vis\u00e9 de la BBC<\/p>\n<h1>1975<\/h1>\n<p>Jour de l\u2019an \u00e0 Venise. Participe au Cambridge Poetry Festival o\u00f9 il retrouve David Gascoyne. Son premier roman, <em>Les Eaux mortes<\/em> (Albin-Michel), s\u00e9lectionn\u00e9 pour le Goncourt, re\u00e7oit le Prix de l\u2019Acad\u00e9mie Fran\u00e7aise, et <em>Foghorn<\/em> le Prix des Volcans, dans une nouvelle \u00e9dition revue et augment\u00e9e chez Grasset.<\/p>\n<p><a href=\"http:\/\/lesuniversdetemple.wordpress.com\/wp-content\/uploads\/2014\/01\/1975-les-eaux-mortes.jpg\"><img loading=\"lazy\" decoding=\"async\" class=\"size-large wp-image-307 aligncenter\" alt=\"1975 Les Eaux mortes\" src=\"http:\/\/lesuniversdetemple.wordpress.com\/wp-content\/uploads\/2014\/01\/1975-les-eaux-mortes.jpg?w=440\" width=\"440\" height=\"675\" srcset=\"https:\/\/pfjt.vie-locale.fr\/wp-content\/uploads\/2014\/01\/1975-les-eaux-mortes.jpg 765w, https:\/\/pfjt.vie-locale.fr\/wp-content\/uploads\/2014\/01\/1975-les-eaux-mortes-195x300.jpg 195w, https:\/\/pfjt.vie-locale.fr\/wp-content\/uploads\/2014\/01\/1975-les-eaux-mortes-667x1024.jpg 667w\" sizes=\"auto, (max-width: 440px) 100vw, 440px\" \/><\/a><\/p>\n<h1><\/h1>\n<h1>1976<\/h1>\n<p>S\u00e9jour \u00e0 Guernesey. Il y prononce un discours devant la statue de Victor Hugo. Journ\u00e9e Max Jacob \u00e0 Quimper. Fait la connaissance des po\u00e8tes qu\u00e9b\u00e9cois Jean Royer et Pierre Morency. Navigation autour des Bal\u00e9ares avec son ami Claude Bonfils. Quelques ann\u00e9es avant <em>Un cimeti\u00e8re indien<\/em>, \u00ab L&rsquo;Am\u00e9rique, ses Indiens et nous \u00bb, article paru dans l&rsquo;hebdomadaire <em>Sud<\/em>, exprime avec force sa perception du colonialisme int\u00e9rieur dont souffre l&rsquo;Occitanie.<\/p>\n<p><a href=\"http:\/\/lesuniversdetemple.wordpress.com\/wp-content\/uploads\/2014\/01\/5-fred4531-fjt-devant-des-ruines.jpg\"><img loading=\"lazy\" decoding=\"async\" alt=\"5 FRED4531 FJT devant des ruines\" src=\"http:\/\/lesuniversdetemple.wordpress.com\/wp-content\/uploads\/2014\/01\/5-fred4531-fjt-devant-des-ruines.jpg?w=440\" width=\"440\" height=\"633\" \/><\/a><\/p>\n<p style=\"text-align:left;\">Au ch\u00e2teau d&rsquo;Aumelas, r\u00e9sidence du troubadour Raimbaut d&rsquo;Orange<\/p>\n<h1>1977<\/h1>\n<p>Vacances de P\u00e2ques en Corse. S\u00e9jour au Mont Saint-Michel avec Jean-Jacques Mayoux. Tour de la Bri\u00e8re et des marais bretons.<\/p>\n<h1>1978<\/h1>\n<p>Mort de Joseph Delteil et de Jean Bioul\u00e8s, le kapellmeister de L\u2019Enclos, p\u00e8re de Vincent Bioul\u00e8s, l\u2019un des peintres fondateurs du mouvement \u00ab Support-Surface \u00bb. Ses <em>Dix po\u00e8mes pour l\u2019Art de la Fugue<\/em> accompagnent un spectacle de mime con\u00e7u par le com\u00e9dien Jacques Bioul\u00e8s, fr\u00e8re du peintre. Participe \u00e0 l\u2019\u00e9mission <em>D. H. Lawrence et le Nouveau-Mexique<\/em> sur France-Culture.<\/p>\n<p><a href=\"http:\/\/lesuniversdetemple.wordpress.com\/wp-content\/uploads\/2014\/01\/avec-jean-bioulc3a8s-devant-la-chapelle-de-lenclos1.jpg\"><img loading=\"lazy\" decoding=\"async\" class=\"alignnone size-large wp-image-480\" alt=\"Avec Jean Bioul\u00e8s devant la chapelle de l'Enclos\" src=\"http:\/\/lesuniversdetemple.wordpress.com\/wp-content\/uploads\/2014\/01\/avec-jean-bioulc3a8s-devant-la-chapelle-de-lenclos1.jpg?w=440\" width=\"440\" height=\"290\" \/><\/a><\/p>\n<p>Adrien Dainat, Jean Bioul\u00e8s, FJT et Jacques Bioul\u00e8s, apr\u00e8s un concert donn\u00e9 \u00e0 la chapelle de\u00a0l&rsquo;Enclos Saint-Fran\u00e7ois<\/p>\n<h1>1979<\/h1>\n<p>La revue <em>Entailles<\/em> lui consacre un num\u00e9ro double sp\u00e9cial sous le titre <em>Rencontre avec F. J. Temple<\/em>.<\/p>\n<p><a href=\"http:\/\/lesuniversdetemple.wordpress.com\/wp-content\/uploads\/2014\/01\/4-fred4507-fjt-caban-de-marin-vers-1974.jpg\"><img loading=\"lazy\" decoding=\"async\" class=\"alignnone size-large wp-image-357\" alt=\"4 FRED4507 FJT caban de marin vers 1974\" src=\"http:\/\/lesuniversdetemple.wordpress.com\/wp-content\/uploads\/2014\/01\/4-fred4507-fjt-caban-de-marin-vers-1974.jpg?w=440\" width=\"440\" height=\"653\" \/><\/a><\/p>\n<h1>1980<\/h1>\n<p>Est invit\u00e9 \u00e0 Nottingham pour le 50e anniversaire de la mort de D. H. Lawrence, et \u00e0 Santa F\u00e9 pour le D. H. Lawrence Festival ; voyage racont\u00e9 dans <em>Retour \u00e0 Santa Fe<\/em> (\u00c9d. Proverbe, 1999). Mort d\u2019Henry Miller \u00e0 Pacific Palisades. S\u00e9jour chez Arthur Secunda \u00e0 Beverly Hills.<\/p>\n<p><a href=\"http:\/\/lesuniversdetemple.wordpress.com\/wp-content\/uploads\/2014\/01\/fred4501.jpg\"><img loading=\"lazy\" decoding=\"async\" class=\"aligncenter\" alt=\"FRED4501\" src=\"http:\/\/lesuniversdetemple.wordpress.com\/wp-content\/uploads\/2014\/01\/fred4501.jpg?w=440\" width=\"440\" height=\"437\" \/><\/a><\/p>\n<p style=\"text-align:center;\">\u00a0A Santa F\u00e9 en 1980, avec un vautour-dindon<\/p>\n<h1>1981<\/h1>\n<p>Voyage en Angleterre. Invit\u00e9 au premier colloque sur Blaise Cendrars \u00e0 Nanterre. D\u00e9but d\u2019amiti\u00e9 avec Claude Leroy. Grande f\u00eate taurine en Camargue pour ses 60 ans. Prix de la Soci\u00e9t\u00e9 des Gens de Lettres et Prix des Critiques Litt\u00e9raires pour son deuxi\u00e8me roman, <em>Un cimeti\u00e8re indien<\/em> (Albin Michel).<\/p>\n<p><a href=\"http:\/\/lesuniversdetemple.wordpress.com\/wp-content\/uploads\/2014\/01\/ferrade-des-soixante-ans-19811.jpg\"><img loading=\"lazy\" decoding=\"async\" class=\"alignnone size-large wp-image-479\" alt=\"Ferrade des soixante ans 1981\" src=\"http:\/\/lesuniversdetemple.wordpress.com\/wp-content\/uploads\/2014\/01\/ferrade-des-soixante-ans-19811.jpg?w=440\" width=\"440\" height=\"308\" \/><\/a><\/p>\n<p><a href=\"http:\/\/lesuniversdetemple.wordpress.com\/wp-content\/uploads\/2014\/01\/fjt-entre-gc3a9rard-lieber-et-robert-sabatier-1981-ferrade-des-60-ans.jpg\"><img loading=\"lazy\" decoding=\"async\" class=\"alignnone size-large wp-image-470\" alt=\"FJT entre G\u00e9rard Lieber et Robert Sabatier 1981 Ferrade des 60 ans\" src=\"http:\/\/lesuniversdetemple.wordpress.com\/wp-content\/uploads\/2014\/01\/fjt-entre-gc3a9rard-lieber-et-robert-sabatier-1981-ferrade-des-60-ans.jpg?w=440\" width=\"440\" height=\"305\" \/><\/a><\/p>\n<p>Entre G\u00e9rard Lieber et Robert Sabatier<\/p>\n<h1>1982<\/h1>\n<p>Visite \u00e0 Raymone, \u00e9pouse de Cendrars, \u00e0 Lausanne. Retourne \u00e0 Chexbres. Colloque sur le peintre Albert Ayme \u00e0 Cerisy-la-Salle. Invit\u00e9 aux Rencontres Internationales d\u2019\u00c9crivains au Qu\u00e9bec. Il y participera des ann\u00e9es durant.<\/p>\n<p><a href=\"http:\/\/lesuniversdetemple.wordpress.com\/wp-content\/uploads\/2014\/01\/fred8296-val-david-renc-internat-quc3a9bc3a9coise.jpg\"><img loading=\"lazy\" decoding=\"async\" class=\"alignnone size-large wp-image-362\" alt=\"FRED8296 Val David renc internat qu\u00e9b\u00e9coise\" src=\"http:\/\/lesuniversdetemple.wordpress.com\/wp-content\/uploads\/2014\/01\/fred8296-val-david-renc-internat-quc3a9bc3a9coise.jpg?w=440\" width=\"440\" height=\"568\" \/><\/a><\/p>\n<h1>1983<\/h1>\n<p>Colloque Diderot \u00e0 Cerisy-la-Salle, dirig\u00e9 par Jacques Proust. S\u00e9jour d\u2019Henri Pichette \u00e0 Montpellier. Rencontre d\u2019Ernst J\u00fcnger.<\/p>\n<h1>1984<\/h1>\n<p>Mort de Jean Hugo.<\/p>\n<h1>1985<\/h1>\n<p>Centenaire de la naissance de D. H. Lawrence, \u00e0 Nottingham. Voyage \u00e0 Heidelberg. Organise une \u00ab Semaine du Qu\u00e9bec \u00bb \u00e0 Montpellier, avec Gaston Miron, Pierre Perrault, Ren\u00e9 Derouin, Pierre Morency, Nicole Brossard, Robert Marteau\u2026 Est charg\u00e9 du programme et de l\u2019animation sur les ondes de la premi\u00e8re semaine du Festival de Radio-France et de Montpellier. No\u00ebl en famille \u00e0 Vienne (Autriche).<\/p>\n<p><a href=\"http:\/\/lesuniversdetemple.wordpress.com\/wp-content\/uploads\/2014\/01\/semaine-culturelle-du-quc3a9bec-pg-intc3a9rieures-programme1.jpg\"><img loading=\"lazy\" decoding=\"async\" class=\"alignnone size-large wp-image-476\" alt=\"Semaine culturelle du Qu\u00e9bec pg int\u00e9rieures programme\" src=\"http:\/\/lesuniversdetemple.wordpress.com\/wp-content\/uploads\/2014\/01\/semaine-culturelle-du-quc3a9bec-pg-intc3a9rieures-programme1.jpg?w=440\" width=\"440\" height=\"310\" \/><\/a><\/p>\n<p>Programme de la Semaine culturelle du Qu\u00e9bec \u00e0 Montpellier (3-8 juin)<\/p>\n<p><a href=\"http:\/\/lesuniversdetemple.wordpress.com\/wp-content\/uploads\/2014\/01\/villamarguerite-1985.jpg\"><img loading=\"lazy\" decoding=\"async\" alt=\"VillaMarguerite 1985\" src=\"http:\/\/lesuniversdetemple.wordpress.com\/wp-content\/uploads\/2014\/01\/villamarguerite-1985.jpg?w=440\" width=\"440\" height=\"296\" \/><\/a><\/p>\n<p>Avec Brigitte \u00e0 la Villa Marguerite en 1985<\/p>\n<h1>1986<\/h1>\n<p>Promu chevalier des Arts et Lettres. Lectures \u00e0 Francfort et Heidelberg. Rencontre Ren\u00e9 Depestre chez Jacques Proust. Colloque Richard Aldington \u00e0 l\u2019Universit\u00e9 de Reading (Royaume-Uni). Publication \u00e0 Marseille, pour la revue <em>Sud<\/em>, de l&rsquo;anthologie <em>Qu\u00e9bec vivant<\/em>, avec une pr\u00e9face de Pierre Nepveu.<\/p>\n<p><a href=\"http:\/\/lesuniversdetemple.wordpress.com\/wp-content\/uploads\/2014\/01\/1986-fjtemple16-fred8299-poc3a8me-heidelebrg.jpg\"><img loading=\"lazy\" decoding=\"async\" class=\"alignnone size-large wp-image-367\" alt=\"1986 FJTEMPLE16 FRED8299 po\u00e8me Heidelebrg\" src=\"http:\/\/lesuniversdetemple.wordpress.com\/wp-content\/uploads\/2014\/01\/1986-fjtemple16-fred8299-poc3a8me-heidelebrg.jpg?w=440\" width=\"440\" height=\"616\" \/><\/a><\/p>\n<h1>1987<\/h1>\n<p>Table ronde sur l\u2019Alg\u00e9rie \u00e0 Montpellier avec Jean P\u00e9l\u00e9gri, Edmond Charlot et Kateb Yacine. Exposition \u00e0 Barcelone des \u0153uvres conjugu\u00e9es de Lucien Clergue, Samy Briss et Arthur Secunda. Invit\u00e9 \u00e0 Rimouski (Qu\u00e9bec) pour un colloque sur \u00ab L\u2019Esprit des lieux \u00bb. Enregistrement d\u2019Entretiens avec Edmond Charlot. Co-direction du colloque pour le Centenaire de la naissance de Blaise Cendrars \u00e0 Cerisy-la-Salle. Voyage \u00e0 Moscou. Premi\u00e8re de la pi\u00e8ce de Lawrence Durrell <em>Un Faust Irlandai<\/em>s, dont FJT est le traducteur, au Th\u00e9\u00e2tre des C\u00e9lestins \u00e0 Lyon.<\/p>\n<h1>1988<\/h1>\n<p>Voyage en Gr\u00e8ce \u00e0 l\u2019invitation de Robert Guyon, directeur de l\u2019Institut Fran\u00e7ais de Thessalonique. Rencontres Po\u00e9tiques de Bretagne avec Jorge Amado et Luis Miz\u00f3n. Mort de son p\u00e8re Emmanuel Temple.<\/p>\n<p><a href=\"http:\/\/lesuniversdetemple.wordpress.com\/wp-content\/uploads\/2014\/01\/5-fred4548-fjt-militaire-avec-xx.jpg\"><img loading=\"lazy\" decoding=\"async\" class=\"alignnone size-large wp-image-337\" alt=\"5 FRED4548 FJT militaire avec xx\" src=\"http:\/\/lesuniversdetemple.wordpress.com\/wp-content\/uploads\/2014\/01\/5-fred4548-fjt-militaire-avec-xx.jpg?w=440\" width=\"440\" height=\"335\" \/><\/a><\/p>\n<p>Souvenir heureux : \u00e0 Luxeuil avec son p\u00e8re, en d\u00e9cembre 1944<\/p>\n<h1>1989<\/h1>\n<p>Lecture au Th\u00e9\u00e2tre de la Cri\u00e9e \u00e0 Marseille. Voyage \u00e0 Marrakech et Essaouira. Invit\u00e9 par le Mus\u00e9e du Qu\u00e9bec \u00e0 un travail collectif sur le th\u00e8me des \u00ab Paysages verticaux \u00bb, avec Giuseppe Penone, Daniel Buren. S\u00e9jour ornithologique chez Pierre Morency sur l\u2019\u00eele d\u2019Orl\u00e9ans. Publication de son <em>Anthologie personnelle<\/em> qui regroupe <em>Fleurs du silence<\/em>, <em>Les \u0152ufs de sel<\/em>, <em>Les Grands arbres<\/em>, <em>Foghorn<\/em>, <em>Villages au sud<\/em> et <em>Paysages priv\u00e9s<\/em>.<\/p>\n<p><a href=\"http:\/\/lesuniversdetemple.wordpress.com\/wp-content\/uploads\/2014\/01\/antho1.jpg\"><img loading=\"lazy\" decoding=\"async\" class=\"alignnone size-full wp-image-451\" alt=\"antho\" src=\"http:\/\/lesuniversdetemple.wordpress.com\/wp-content\/uploads\/2014\/01\/antho1.jpg\" width=\"284\" height=\"519\" \/><\/a><\/p>\n<p>&nbsp;<\/p>\n","protected":false},"excerpt":{"rendered":"<p>1972 \u00c9t\u00e9 sur le Causse M\u00e9jean. Tournage dans les C\u00e9vennes avec Jean Carri\u00e8re d\u2019un film pour la t\u00e9l\u00e9vision, Andr\u00e9 Chamson ou La Terre Promise (film diffus\u00e9 l&rsquo;ann\u00e9e suivante). Serge Michenaud obtient le Prix Guillaume Apollinaire, et Jean Carri\u00e8re le Prix Goncourt pour L\u2019\u00c9pervier de Maheux. La Grande Draille,\u00a0projet de film avec Jean Carri\u00e8re en 1971 [&hellip;]<\/p>\n","protected":false},"author":3,"featured_media":0,"parent":0,"menu_order":0,"comment_status":"closed","ping_status":"open","template":"","meta":{"footnotes":""},"class_list":["post-195","page","type-page","status-publish","hentry"],"_links":{"self":[{"href":"https:\/\/frederic-jacques-temple.fr\/index.php\/wp-json\/wp\/v2\/pages\/195","targetHints":{"allow":["GET"]}}],"collection":[{"href":"https:\/\/frederic-jacques-temple.fr\/index.php\/wp-json\/wp\/v2\/pages"}],"about":[{"href":"https:\/\/frederic-jacques-temple.fr\/index.php\/wp-json\/wp\/v2\/types\/page"}],"author":[{"embeddable":true,"href":"https:\/\/frederic-jacques-temple.fr\/index.php\/wp-json\/wp\/v2\/users\/3"}],"replies":[{"embeddable":true,"href":"https:\/\/frederic-jacques-temple.fr\/index.php\/wp-json\/wp\/v2\/comments?post=195"}],"version-history":[{"count":1,"href":"https:\/\/frederic-jacques-temple.fr\/index.php\/wp-json\/wp\/v2\/pages\/195\/revisions"}],"predecessor-version":[{"id":687,"href":"https:\/\/frederic-jacques-temple.fr\/index.php\/wp-json\/wp\/v2\/pages\/195\/revisions\/687"}],"wp:attachment":[{"href":"https:\/\/frederic-jacques-temple.fr\/index.php\/wp-json\/wp\/v2\/media?parent=195"}],"curies":[{"name":"wp","href":"https:\/\/api.w.org\/{rel}","templated":true}]}}