{"id":162,"date":"2014-01-19T12:18:04","date_gmt":"2014-01-19T12:18:04","guid":{"rendered":"http:\/\/lesuniversdetemple.wordpress.com\/?page_id=162"},"modified":"2026-03-17T14:34:33","modified_gmt":"2026-03-17T14:34:33","slug":"editions-courantes","status":"publish","type":"page","link":"https:\/\/frederic-jacques-temple.fr\/index.php\/editions-courantes\/","title":{"rendered":"Editions courantes"},"content":{"rendered":"<h1><b>Actes Sud<\/b><\/h1>\n<p><a href=\"http:\/\/www.actes-sud.fr\/contributeurs\/temple-frederic-jacques\">http:\/\/www.actes-sud.fr\/contributeurs\/temple-frederic-jacques<\/a><\/p>\n<ul>\n<li><i>Anthologie personnelle<\/i>, Hors collection (<i>Fleurs du silence, Les \u0152ufs de sel, Les Grands arbres, Foghorn<\/i>,<i> Villages au sud, Paysages priv\u00e9s<\/i>)<\/li>\n<li><i>Les Eaux mortes<\/i>, coll. \u00ab\u00a0Babel\u00a0\u00bb<\/li>\n<li><i>Un cimeti\u00e8re indien<\/i>, coll. \u00ab\u00a0Babel\u00a0\u00bb<\/li>\n<li><i>L\u2019Enclos<\/i>, coll. \u00ab\u00a0Babel\u00a0\u00bb<\/li>\n<li><i>La Route de San Romano<\/i>, coll. \u00ab\u00a0Domaine fran\u00e7ais\u00a0\u00bb<\/li>\n<li><i>Le Chant des limules<\/i>, Hors collection<\/li>\n<li><i>Beaucoup de jours<\/i><i>, <\/i>Hors collection<\/li>\n<\/ul>\n<h1><b>\u00c9ditions<\/b><b> Bruno Doucey<\/b><\/h1>\n<p><a href=\"http:\/\/www.editions-brunodoucey.com\/frederic-jacques-temple\/\">http:\/\/www.editions-brunodoucey.com\/frederic-jacques-temple\/<\/a><\/p>\n<ul>\n<li><em>Phares, balises et feux brefs <\/em>suivi de <em>P\u00e9riples<\/em><\/li>\n<\/ul>\n<h1><b>\u00c9ditions Buchet Chastel<\/b><\/h1>\n<p><a href=\"http:\/\/www.buchetchastel.fr\/libella.php?page=recherche&amp;recherche=temple\">http:\/\/www.buchetchastel.fr\/libella.php?page=recherche&amp;recherche=temple<\/a><\/p>\n<ul>\n<li><i>Henry Miller<\/i>, coll. \u00ab\u00a0R\u00e9cits\u00a0\u00bb<\/li>\n<li>Traduction de\u00a0: Lawrence Durrell, Henry Miller, <i>Correspondance (1935-1980)<\/i>. Trad. avec Bernard Willerval et la collaboration de Fran\u00e7oise Jaou\u00ebn.<\/li>\n<\/ul>\n<h1><b>\u00c9ditions Domens<\/b><\/h1>\n<p><a href=\"http:\/\/www.domens.fr\/\">http:\/\/www.domens.fr\/<\/a><\/p>\n<ul>\n<li><i>Souvenirs d\u2019Edmond Charlot<\/i>, coll. \u00ab\u00a0M\u00e9diterran\u00e9e vivante\u00a0\u00bb. Entretiens avec F.\u00a0J. Temple.<\/li>\n<li><i>Po\u00e8mes de guerre<\/i>, coll. \u00ab\u00a0M\u00e9diterran\u00e9e vivante\u00a0\u00bb<\/li>\n<\/ul>\n<h1><b>\u00c9ditions Fata Morgana<\/b><\/h1>\n<p><a href=\"http:\/\/www.fatamorgana.fr\/noms\/frederic-jacques-temple\">http:\/\/www.fatamorgana.fr\/noms\/frederic-jacques-temple<\/a><\/p>\n<ul>\n<li><i>Paysages priv\u00e9s<\/i><\/li>\n<li>Traduction de\u00a0: Lawrence Durrell,<i> Henri Michaux<\/i><\/li>\n<\/ul>\n<h1><b>\u00c9ditions<\/b><b> Finitude<\/b><\/h1>\n<p><a href=\"http:\/\/www.finitude.fr\/index.php\/livre\/frere-jacques-lettres-a-frederic-jacques-temple\/\">http:\/\/www.finitude.fr\/index.php\/livre\/frere-jacques-lettres-a-frederic-jacques-temple\/<\/a><\/p>\n<ul>\n<li><i>Fr\u00e8re Jacques\u00a0: Lettres \u00e0 Fr\u00e9d\u00e9ric Jacques Temple (1948-1980)<\/i>, traduites par F. J. Temple et annot\u00e9es par T. Boizet.<\/li>\n<\/ul>\n<h1><b>\u00c9ditions Gallimard<\/b><\/h1>\n<p>http:\/\/www.gallimard.fr\/searchinternet\/advanced?all_title=fr%C3%A9d%C3%A9ric+jacques+temple&#038;SearchAction=OK<\/p>\n<ul>\n<li>Traduction de\u00a0: Lawrence Durrell, <i>Un Faust irlandais<\/i>, coll. \u00ab\u00a0Th\u00e9\u00e2tre du monde entier\u00a0\u00bb<\/li>\n<li>Traduction de\u00a0: Henry Miller, <i>Le Temps des assassins<\/i>, Deno\u00ebl, coll. \u00ab\u00a0Deno\u00ebl &amp; d\u2019ailleurs\u00a0\u00bb<\/li>\n<li>Traduction de\u00a0: Thomas Hardy, <i>Po\u00e8mes du Wessex<\/i> <i>et autres po\u00e8mes<\/i>, \u00e9dition bilingue, Paris, Gallimard, coll \u00ab\u00a0Po\u00e9sie\/Gallimard\u00a0\u00bb. Choix, traduction et pr\u00e9sentation par F. J. Temple (r\u00e9union des deux volumes parus chez La Diff\u00e9rence, 1990, 1993).<\/li>\n<\/ul>\n<h1><b>\u00c9ditions<\/b><b> Jorn<\/b><\/h1>\n<p><a href=\"http:\/\/www.editions-jorn.com\/livre-temple.htm\">http:\/\/www.editions-jorn.com\/livre-temple.htm<\/a><\/p>\n<ul>\n<li><i>Po\u00ebmas \/ Po\u00e8mes<\/i>, \u00e9dition bilingue, revirats a l\u2019occitan per Max Roqueta \/ traduits en occitan par Max Rouquette<\/li>\n<\/ul>\n<h1><b>Le L\u00e9zard amoureux (Qu\u00e9bec)<\/b><\/h1>\n<p><a href=\"https:\/\/www.livresquebecois.com\/editeurs.asp?id=308\">https:\/\/www.livresquebecois.com\/editeurs.asp?id=308<\/a><\/p>\n<ul>\n<li><i>Un \u00e9moi sans fronti\u00e8res<\/i><\/li>\n<\/ul>\n<h1><b>\u00c9ditions <\/b><b>Obsidiane<\/b><\/h1>\n<p><em><a href=\"http:\/\/perso.numericable.com\/editions-obsidiane\/Livres\/Titres\/Profonds-pays.html\">http:\/\/perso.numericable.com\/editions-obsidiane\/Livres\/Titres\/Profonds-pays.html<\/a><\/em><\/p>\n<ul>\n<li><i>Profonds Pays<\/i>, coll. \u00ab\u00a0Les Solitudes\u00a0\u00bb<\/li>\n<\/ul>\n<h1><b>\u00c9ditions Proverbe<\/b><b><\/b><\/h1>\n<p><a href=\"http:\/\/editions-proverbe.pagesperso-orange.fr\/Proverbe\/Temple%20SF.html\">http:\/\/editions-proverbe.pagesperso-orange.fr\/Proverbe\/Temple%20SF.html<\/a><\/p>\n<ul>\n<li><i>Retour \u00e0 Santa Fe<\/i>, voyage<\/li>\n<\/ul>\n","protected":false},"excerpt":{"rendered":"<p>Actes Sud http:\/\/www.actes-sud.fr\/contributeurs\/temple-frederic-jacques Anthologie personnelle, Hors collection (Fleurs du silence, Les \u0152ufs de sel, Les Grands arbres, Foghorn, Villages au sud, Paysages priv\u00e9s) Les Eaux mortes, coll. \u00ab\u00a0Babel\u00a0\u00bb Un cimeti\u00e8re indien, coll. \u00ab\u00a0Babel\u00a0\u00bb L\u2019Enclos, coll. \u00ab\u00a0Babel\u00a0\u00bb La Route de San Romano, coll. \u00ab\u00a0Domaine fran\u00e7ais\u00a0\u00bb Le Chant des limules, Hors collection Beaucoup de jours, Hors collection [&hellip;]<\/p>\n","protected":false},"author":3,"featured_media":0,"parent":0,"menu_order":0,"comment_status":"closed","ping_status":"open","template":"","meta":{"footnotes":""},"class_list":["post-162","page","type-page","status-publish","hentry"],"_links":{"self":[{"href":"https:\/\/frederic-jacques-temple.fr\/index.php\/wp-json\/wp\/v2\/pages\/162","targetHints":{"allow":["GET"]}}],"collection":[{"href":"https:\/\/frederic-jacques-temple.fr\/index.php\/wp-json\/wp\/v2\/pages"}],"about":[{"href":"https:\/\/frederic-jacques-temple.fr\/index.php\/wp-json\/wp\/v2\/types\/page"}],"author":[{"embeddable":true,"href":"https:\/\/frederic-jacques-temple.fr\/index.php\/wp-json\/wp\/v2\/users\/3"}],"replies":[{"embeddable":true,"href":"https:\/\/frederic-jacques-temple.fr\/index.php\/wp-json\/wp\/v2\/comments?post=162"}],"version-history":[{"count":1,"href":"https:\/\/frederic-jacques-temple.fr\/index.php\/wp-json\/wp\/v2\/pages\/162\/revisions"}],"predecessor-version":[{"id":679,"href":"https:\/\/frederic-jacques-temple.fr\/index.php\/wp-json\/wp\/v2\/pages\/162\/revisions\/679"}],"wp:attachment":[{"href":"https:\/\/frederic-jacques-temple.fr\/index.php\/wp-json\/wp\/v2\/media?parent=162"}],"curies":[{"name":"wp","href":"https:\/\/api.w.org\/{rel}","templated":true}]}}