{"id":116,"date":"2014-01-17T17:02:30","date_gmt":"2014-01-17T17:02:30","guid":{"rendered":"http:\/\/lesuniversdetemple.wordpress.com\/?page_id=116"},"modified":"2026-03-17T14:34:33","modified_gmt":"2026-03-17T14:34:33","slug":"une-vie-1955-1971","status":"publish","type":"page","link":"https:\/\/frederic-jacques-temple.fr\/index.php\/une-vie-1955-1971\/","title":{"rendered":"Une vie 1955-1971"},"content":{"rendered":"<h1>1955<\/h1>\n<p><span style=\"line-height:1.5em;\">Entretiens radiophoniques avec Richard Aldington, dans le cadre d&rsquo;une nouvelle s\u00e9rie bi-mensuelle, <\/span><i style=\"line-height:1.5em;\">Entretiens <\/i><span style=\"line-height:1.5em;\">(1955-1957). De 1955 \u00e0 1957, assure aussi la r\u00e9daction en chef de la revue trimestrielle <\/span><i style=\"line-height:1.5em;\">Entretiens<\/i><span style=\"line-height:1.5em;\">, cr\u00e9\u00e9e \u00e0 Rodez dans la mouvance des Rencontres internationales de po\u00e9sie. P\u00e9riple en Bretagne avec Serge Michenaud. Arriv\u00e9e \u00e0 Montpellier de Jean Joubert. Rencontre avec le peintre Albert Ayme et la navigatrice et romanci\u00e8re suisse Cilette Ofaire qui vont devenir des amis.<\/span><\/p>\n<p><a href=\"http:\/\/lesuniversdetemple.wordpress.com\/wp-content\/uploads\/2014\/01\/fred4475.jpg\"><img loading=\"lazy\" decoding=\"async\" class=\"alignnone size-large wp-image-147\" alt=\"FRED4475\" src=\"http:\/\/lesuniversdetemple.wordpress.com\/wp-content\/uploads\/2014\/01\/fred4475.jpg?w=440\" width=\"440\" height=\"712\" srcset=\"https:\/\/pfjt.vie-locale.fr\/wp-content\/uploads\/2014\/01\/fred4475.jpg 800w, https:\/\/pfjt.vie-locale.fr\/wp-content\/uploads\/2014\/01\/fred4475-185x300.jpg 185w, https:\/\/pfjt.vie-locale.fr\/wp-content\/uploads\/2014\/01\/fred4475-633x1024.jpg 633w, https:\/\/pfjt.vie-locale.fr\/wp-content\/uploads\/2014\/01\/fred4475-768x1243.jpg 768w\" sizes=\"auto, (max-width: 440px) 100vw, 440px\" \/><\/a><\/p>\n<h1>1956<\/h1>\n<p>Entretiens radiophoniques avec Georges Brassens, en collaboration avec Ren\u00e9 Raynaud. S\u00e9jour \u00e0 Londres avec le peintre Arthur Secunda. Aide Lawrence Durrell \u00e0 s\u2019installer \u00e0 Sommi\u00e8res. Mort de Curzio Malaparte.<\/p>\n<p>\u00ab\u00a0J\u2019ai connu l\u2019\u00e9crivain anglais Richard Aldington en 1951 \u00e0 Montpellier o\u00f9 il s\u2019\u00e9tait install\u00e9 pour que sa fille Catherine y fasse ses \u00e9tudes. J\u2019avais alors commenc\u00e9 un livre sur D.H. Lawrence dont Richard avait \u00e9t\u00e9 l\u2019ami et le biographe. Une aubaine pour moi\u00a0! Il a d\u2019ailleurs pr\u00e9fac\u00e9 plus tard mon ouvrage. Nous sommes devenus amis. Au cours de l\u2019\u00e9t\u00e9 1956, nous devions d\u00e9jeuner ensemble \u00e0 la campagne et, le jour venu, Richard m\u2019a t\u00e9l\u00e9phon\u00e9 pour me demander si je voyais un inconv\u00e9nient \u00e0 ce qu\u2019il invite un \u00e9crivain britannique, Lawrence Durrell, \u00e0 se joindre \u00e0 nous. Je ne connaissais Durrell que de nom, Miller l\u2019ayant cit\u00e9 d\u00e8s le d\u00e9but de son <em>Colosse de Maroussi<\/em>. C\u2019est ainsi que j\u2019ai rencontr\u00e9 le romancier du futur <em>Quatuor d\u2019Alexandrie<\/em> qui d\u00e9sirait s\u2019installer en Languedoc parce que les paysages lui rappelaient la Gr\u00e8ce. Aldington et moi avons pu aider Durrell \u00e0 trouver une maison \u00e0 Sommi\u00e8res.\u00a0\u00bb<\/p>\n<p style=\"text-align:right;\">Entretien avec\u00a0 Nathalie Jungerman, 2012<\/p>\n<p><a href=\"http:\/\/lesuniversdetemple.wordpress.com\/wp-content\/uploads\/2014\/01\/fred4473.jpg\"><img loading=\"lazy\" decoding=\"async\" class=\"alignnone size-large wp-image-177\" alt=\"FRED4473\" src=\"http:\/\/lesuniversdetemple.wordpress.com\/wp-content\/uploads\/2014\/01\/fred4473.jpg?w=440\" width=\"440\" height=\"640\" srcset=\"https:\/\/pfjt.vie-locale.fr\/wp-content\/uploads\/2014\/01\/fred4473.jpg 800w, https:\/\/pfjt.vie-locale.fr\/wp-content\/uploads\/2014\/01\/fred4473-206x300.jpg 206w, https:\/\/pfjt.vie-locale.fr\/wp-content\/uploads\/2014\/01\/fred4473-704x1024.jpg 704w, https:\/\/pfjt.vie-locale.fr\/wp-content\/uploads\/2014\/01\/fred4473-768x1117.jpg 768w\" sizes=\"auto, (max-width: 440px) 100vw, 440px\" \/><\/a><\/p>\n<h1>1957<\/h1>\n<p>Entretiens radiophoniques avec Joseph Delteil. Henk Breuker lance <i>Les Cahiers de la Licorne<\/i> qui cesseront de para\u00eetre en 1967. On y rel\u00e8vera les noms de Peter Handke, Olivier Todd, Ren\u00e9 Pons, Jean Joubert, Christian Dedet, Henri Gougaud, Jean-Paul Guibbert\u2026<\/p>\n<p><a href=\"http:\/\/lesuniversdetemple.wordpress.com\/wp-content\/uploads\/2014\/01\/licorne1.jpg\"><img loading=\"lazy\" decoding=\"async\" class=\"alignnone size-full wp-image-520\" alt=\"licorne\" src=\"http:\/\/lesuniversdetemple.wordpress.com\/wp-content\/uploads\/2014\/01\/licorne1.jpg\" width=\"387\" height=\"528\" \/><\/a><\/p>\n<h1>1959<\/h1>\n<p>Miller vient passer l\u2019\u00e9t\u00e9 en famille \u00e0 Sommi\u00e8res. Rencontre \u00e0 Montpellier de Camilo Jose Cela et des po\u00e8tes-peintres belges C\u00e9cile et Andr\u00e9 Miguel. R\u00e9union aux Saintes-Maries-de-la-Mer avec les Miller, les Durrell, Alfred Perl\u00e8s, Catherine Aldington et l\u2019\u00e9diteur allemand Ledig Rohwolt. D\u00e9but d\u2019amiti\u00e9 avec le po\u00e8te mauricien Jean Fanchette qui va cr\u00e9er la revue <i>Two Cities<\/i>, et avec Edwin Mullins, critique d\u2019art et producteur \u00e0 la BBC.<\/p>\n<p><a href=\"http:\/\/lesuniversdetemple.wordpress.com\/wp-content\/uploads\/2014\/02\/4-fred4523-aldington-durrell-miller-fjt-pont-de-sommic3a8res-1959.jpg\"><img loading=\"lazy\" decoding=\"async\" class=\"alignnone size-large wp-image-536\" alt=\"4 FRED4523 Aldington Durrell Miller FJt pont de Sommi\u00e8res 1959\" src=\"http:\/\/lesuniversdetemple.wordpress.com\/wp-content\/uploads\/2014\/02\/4-fred4523-aldington-durrell-miller-fjt-pont-de-sommic3a8res-1959.jpg?w=440\" width=\"440\" height=\"565\" \/><\/a><\/p>\n<p>Sur le pont de Sommi\u00e8res en 1959, avec (de gauche \u00e0 droite) Richard Aldington, Lawrence Durrell et Henry Miller.<\/p>\n<p>\u00ab\u00a0En revenant de la guerre, en 1946, j\u2019avais lu <em>Printemps noir<\/em> qui venait de para\u00eetre chez Gallimard. J\u2019ai \u00e9crit spontan\u00e9ment un article sur ce livre pour rendre compte de mon admiration, sans savoir \u00e0 qui je pouvais le destiner. Je n\u2019avais pas encore de contact avec la presse litt\u00e9raire et en d\u00e9sespoir de cause j\u2019ai d\u00e9cid\u00e9 de l\u2019envoyer \u00e0 Miller par l\u2019interm\u00e9diaire de son \u00e9diteur. Il me r\u00e9pondit tr\u00e8s rapidement qu\u2019il ne voyait pas comment le publier aux USA, me proposant de l\u2019envoyer \u00e0 Raymond Queneau ce qui n\u2019eut finalement pas de suite. Mais notre correspondance continua et ce qui n\u2019\u00e9tait alors qu\u2019une simple relation \u00e9pistolaire devint rapidement une amiti\u00e9. Celle-ci se confirma en 1953 lorsque enfin j\u2019ai rencontr\u00e9 Miller \u00e0 Montpellier o\u00f9 il \u00e9tait venu saluer Joseph Delteil qu\u2019il avait connu avant la guerre \u00e0 Paris. Je crois que mon int\u00e9r\u00eat pour l\u2019Am\u00e9rique profonde, celle de Whitman et de Thoreau, et mon d\u00e9sir de traduire et publier <em>La Merveilleuse Aventure de Cabeza de Vaca<\/em> de Haniel Long (\u00c9ditions de La Licorne, 1954) pour laquelle Miller avait \u00e9crit une belle pr\u00e9face, ont contribu\u00e9 \u00e0 \u00e9tablir cette amiti\u00e9. Miller m\u2019a appel\u00e9 <em>Fr\u00e8re Jacques<\/em> en se r\u00e9f\u00e9rant au vieux canon bien connu. Moi, j\u2019aurais pu l\u2019appeler <em>Uncle Henry<\/em>.\u00a0\u00bb<\/p>\n<p style=\"text-align:right;\">Entretien avec\u00a0 Nathalie Jungerman, 2012<\/p>\n<h1>1960<\/h1>\n<p>Voyage en Italie sur les champs de bataille. Rejoint l&rsquo;\u00e9quipe de r\u00e9daction de <i>Two Cities <\/i>(jusqu&rsquo;en 1964). S\u00e9jour de plusieurs mois aux \u00c9tats-Unis dont trois de ses romans se feront largement l\u2019\u00e9cho.<\/p>\n<p><a href=\"http:\/\/lesuniversdetemple.wordpress.com\/wp-content\/uploads\/2014\/01\/1960-shiprock.jpg\"><img loading=\"lazy\" decoding=\"async\" class=\"alignnone size-large wp-image-505\" alt=\"1960 Shiprock\" src=\"http:\/\/lesuniversdetemple.wordpress.com\/wp-content\/uploads\/2014\/01\/1960-shiprock.jpg?w=440\" width=\"440\" height=\"344\" \/><\/a><\/p>\n<p>Shiprock, la montagne sacr\u00e9e des Indiens Navahos<\/p>\n<p>\u00ab\u00a0En 1960, cas personnel mais que je crois significatif, j&rsquo;obtins du gouvernement am\u00e9ricain une bourse de voyage culturel de plusieurs mois pour sillonner les \u00c9tats-Unis. J&rsquo;en avertis l&rsquo;Administration et fis le n\u00e9cessaire pour assurer le bon d\u00e9roulement ult\u00e9rieur des programmes, bien entendu. Paul Gilson me convoqua \u00e0 Paris et, \u00e0 ma grande surprise, me d\u00e9clara que c&rsquo;\u00e9tait une chance \u00e0 ne pas laisser passer, ni pour moi ni pour la Radio, qui se sentait elle aussi concern\u00e9e. Il me demanda de consid\u00e9rer que j&rsquo;\u00e9tais en mission de prospection et de ramener de ce long s\u00e9jour les mat\u00e9riaux d&rsquo;une s\u00e9rie d&rsquo;\u00e9missions, des livres, des disques, des interviews, des documents divers et in\u00e9dits en France, enfin un rapport sur tout ce qu&rsquo;il pouvait \u00eatre utile \u00e0 la Radio de conna\u00eetre sur la vie culturelle am\u00e9ricaine. Il faut pr\u00e9ciser qu&rsquo;\u00e0 cette \u00e9poque, la travers\u00e9e de l&rsquo;Atlantique ne se faisait pas encore couramment, et que fort peu de Fran\u00e7ais connaissaient alors les \u00c9tats-Unis.\u00a0\u00bb<\/p>\n<p style=\"text-align:right;\">\u00ab\u00a0Les vases communicants\u00a0\u00bb, 2000<\/p>\n<p style=\"text-align:left;\"><a href=\"http:\/\/lesuniversdetemple.wordpress.com\/wp-content\/uploads\/2014\/01\/enfantsfjtet-grandmc3a8re1960-corrigc3a9.jpg\"><img loading=\"lazy\" decoding=\"async\" class=\"alignnone size-large wp-image-508\" alt=\"EnfantsFJTet grandm\u00e8re1960 (corrig\u00e9)\" src=\"http:\/\/lesuniversdetemple.wordpress.com\/wp-content\/uploads\/2014\/01\/enfantsfjtet-grandmc3a8re1960-corrigc3a9.jpg?w=440\" width=\"440\" height=\"649\" \/><\/a><\/p>\n<p style=\"text-align:left;\">ses enfants Christophe, Fr\u00e9d\u00e9ric et V\u00e9ronique (de gauche \u00e0 droite)\u00a0 avec leur grand-m\u00e8re Genevi\u00e8ve Temple, circa 1960, place de la Com\u00e9die \u00e0 Montpellier.<\/p>\n<h1>1961<\/h1>\n<p>Retour des \u00c9tats-Unis. Ultime visite \u00e0 Blaise Cendrars, quelques jours avant sa mort. Publie une s\u00e9rie de reportages sur son p\u00e9riple am\u00e9ricain. Henry Miller vient passer une semaine \u00e0 Montpellier o\u00f9 il rev\u00eat la toge de Rabelais et se pr\u00eate \u00e0 plusieurs entretiens radiophoniques. Diffusion de <i>Rhapsodie languedocienne<\/i>, son premier film, sur la Premi\u00e8re Cha\u00eene.<\/p>\n<p><a href=\"http:\/\/lesuniversdetemple.wordpress.com\/wp-content\/uploads\/2014\/01\/fred4443.jpg\"><img loading=\"lazy\" decoding=\"async\" class=\"alignnone size-large wp-image-181\" alt=\"FRED4443\" src=\"http:\/\/lesuniversdetemple.wordpress.com\/wp-content\/uploads\/2014\/01\/fred4443.jpg?w=440\" width=\"440\" height=\"567\" srcset=\"https:\/\/pfjt.vie-locale.fr\/wp-content\/uploads\/2014\/01\/fred4443.jpg 800w, https:\/\/pfjt.vie-locale.fr\/wp-content\/uploads\/2014\/01\/fred4443-233x300.jpg 233w, https:\/\/pfjt.vie-locale.fr\/wp-content\/uploads\/2014\/01\/fred4443-794x1024.jpg 794w, https:\/\/pfjt.vie-locale.fr\/wp-content\/uploads\/2014\/01\/fred4443-768x991.jpg 768w\" sizes=\"auto, (max-width: 440px) 100vw, 440px\" \/><\/a><\/p>\n<h1>1962<\/h1>\n<p>Son ami et \u00e9diteur No\u00ebl Young l\u2019invite \u00e0 le rejoindre \u00e0 Pollensa, dans l\u2019\u00eele de Majorque o\u00f9 il retrouve Camilo Jose Cela qui le publie dans sa revue <i>Papeles de Son Armadans<\/i>.\u00a0 \u00c0 la radio de Montpellier, d\u00e9but de <i>Panorama des Lettres et des Arts<\/i>, \u00e9mission mensuelle (1962-1964).<\/p>\n<p><a href=\"http:\/\/lesuniversdetemple.wordpress.com\/wp-content\/uploads\/2014\/01\/panorama.jpg\"><img loading=\"lazy\" decoding=\"async\" class=\"alignnone size-large wp-image-182\" alt=\"panorama\" src=\"http:\/\/lesuniversdetemple.wordpress.com\/wp-content\/uploads\/2014\/01\/panorama.jpg?w=440\" width=\"440\" height=\"571\" srcset=\"https:\/\/pfjt.vie-locale.fr\/wp-content\/uploads\/2014\/01\/panorama.jpg 656w, https:\/\/pfjt.vie-locale.fr\/wp-content\/uploads\/2014\/01\/panorama-231x300.jpg 231w\" sizes=\"auto, (max-width: 440px) 100vw, 440px\" \/><\/a><\/p>\n<h1>1963<\/h1>\n<p>Publication de <i>C\u00e9l\u00e9bration du ma\u00efs <\/i>(Robert Morel \u00e9diteur).<i> <\/i>D\u00e9but d\u2019une amiti\u00e9 avec le jeune peintre Alain Cl\u00e9ment et le futur typographe-\u00e9diteur Jean Le Mauve rencontr\u00e9s dans l\u2019atelier de Jean Vodaine \u00e0 Montpellier. Coordonne deux num\u00e9ros de la revue <i>Dire<\/i> cr\u00e9\u00e9e par Jean Vodaine, o\u00f9 il a publi\u00e9 l&rsquo;ann\u00e9e pr\u00e9c\u00e9dente des chants rituels des indiens navajos.<\/p>\n<p><a style=\"line-height:1.5em;\" href=\"http:\/\/lesuniversdetemple.wordpress.com\/wp-content\/uploads\/2014\/01\/navajos.jpg\"><img loading=\"lazy\" decoding=\"async\" class=\"size-large wp-image-183 aligncenter\" alt=\"navajos\" src=\"http:\/\/lesuniversdetemple.wordpress.com\/wp-content\/uploads\/2014\/01\/navajos.jpg?w=440\" width=\"440\" height=\"338\" srcset=\"https:\/\/pfjt.vie-locale.fr\/wp-content\/uploads\/2014\/01\/navajos.jpg 640w, https:\/\/pfjt.vie-locale.fr\/wp-content\/uploads\/2014\/01\/navajos-300x231.jpg 300w\" sizes=\"auto, (max-width: 440px) 100vw, 440px\" \/><\/a><\/p>\n<h1>1964<\/h1>\n<p>Voyage au Portugal. Son film <i>Chez Lawrence Durrell<\/i> est pr\u00e9sent\u00e9 lors du Festival de l&rsquo;ORTF de Boulogne-sur-Mer. S\u00e9jour \u00e0 Rome. Publication de <i>Cartes postales<\/i> en \u00e9dition bilingue (Santa Barbara, No\u00ebl Young Press).<\/p>\n<p><a href=\"http:\/\/lesuniversdetemple.wordpress.com\/wp-content\/uploads\/2014\/01\/temple.jpg\"><img loading=\"lazy\" decoding=\"async\" class=\"size-large wp-image-184 aligncenter\" alt=\"temple\" src=\"http:\/\/lesuniversdetemple.wordpress.com\/wp-content\/uploads\/2014\/01\/temple.jpg?w=440\" width=\"440\" height=\"290\" srcset=\"https:\/\/pfjt.vie-locale.fr\/wp-content\/uploads\/2014\/01\/temple.jpg 605w, https:\/\/pfjt.vie-locale.fr\/wp-content\/uploads\/2014\/01\/temple-300x198.jpg 300w\" sizes=\"auto, (max-width: 440px) 100vw, 440px\" \/><\/a><\/p>\n<h1>1965<\/h1>\n<p>Nomm\u00e9 chef des services de l&rsquo;ORTF (radio et t\u00e9l\u00e9vision) pour le Languedoc-Roussillon. \u00c9mission d&rsquo;hommage \u00e0 son ami Paul Gilson, directeur des programmes artistiques de la radio, mort deux ans plus t\u00f4t. Mise en ondes de <i>C\u00e9l\u00e9bration du ma\u00efs<\/i>, d&rsquo;apr\u00e8s le texte publi\u00e9 en 1963. Reportage t\u00e9l\u00e9vis\u00e9 sur <i>Le Th\u00e9\u00e2tre chichois<\/i>, genre de th\u00e9\u00e2tre ambulant en voie de disparition.<\/p>\n<p>\u00ab\u00a0Jamais il n\u2019y eut autant de po\u00e8tes \u00e0 la radio, tant \u00e0 Paris que dans les r\u00e9gions, que de 1947 \u00e0 1963, c&rsquo;est-\u00e0-dire entre l&rsquo;arriv\u00e9e de Paul Gilson et sa mort. Avec Gilson, la Radio avait trouv\u00e9 son v\u00e9ritable visage, qu&rsquo;elle nous aura montr\u00e9 pendant plus de quinze ans, et que nous ne reverrons, il faut le craindre, jamais plus (je suis peut-\u00eatre pessimiste). Il y avait introduit ce <i>merveilleux<\/i> qui fut le mot-cl\u00e9 de son existence et de sa d\u00e9marche multiple, mais multiple en apparence, car les volets du triptyque gilsonien\u00a0: po\u00e9sie, cin\u00e9ma, radio, sont reli\u00e9s par cette qu\u00eate du \u00ab\u00a0magique\u00a0\u00bb que le sourcier faisait jaillir <i>comme par enchantement<\/i>.\u00a0\u00bb<\/p>\n<p style=\"text-align:right;\">\u00ab\u00a0Un \u00e9crivain \u00e0 la radio\u00a0\u00bb, 2000<\/p>\n<p><a href=\"http:\/\/lesuniversdetemple.wordpress.com\/wp-content\/uploads\/2014\/01\/fred4489.jpg\"><img loading=\"lazy\" decoding=\"async\" class=\"alignnone size-large wp-image-185\" alt=\"FRED4489\" src=\"http:\/\/lesuniversdetemple.wordpress.com\/wp-content\/uploads\/2014\/01\/fred4489.jpg?w=440\" width=\"440\" height=\"315\" srcset=\"https:\/\/pfjt.vie-locale.fr\/wp-content\/uploads\/2014\/01\/fred4489.jpg 800w, https:\/\/pfjt.vie-locale.fr\/wp-content\/uploads\/2014\/01\/fred4489-300x215.jpg 300w, https:\/\/pfjt.vie-locale.fr\/wp-content\/uploads\/2014\/01\/fred4489-768x551.jpg 768w\" sizes=\"auto, (max-width: 440px) 100vw, 440px\" \/><\/a><\/p>\n<h1><i>\u00a0<\/i>1966<\/h1>\n<p>Dirige de 1966 \u00e0 1968 la revue <i>F\u00e9nix <\/i>o\u00f9 il publiera George S\u00e9f\u00e9ris, Jean Joubert, Gaston Puel, Andr\u00e9 Pieyre de Mandiargues, Loys Masson, Jean Giono, Denis de Rougemont, Jacques Borel, Lawrence Durrell, Gunter Kunert, Peter Bichsel, Dominique Noguez\u2026 Voyages en Belgique et \u00e0 Venise. S\u00e9jour \u00e0 Montpellier de George Katsimbalis, le \u00ab\u00a0Colosse de Maroussi\u00a0\u00bb.<\/p>\n<p><a href=\"http:\/\/lesuniversdetemple.wordpress.com\/wp-content\/uploads\/2014\/01\/fred4488.jpg\"><img loading=\"lazy\" decoding=\"async\" class=\"alignnone size-large wp-image-186\" alt=\"FRED4488\" src=\"http:\/\/lesuniversdetemple.wordpress.com\/wp-content\/uploads\/2014\/01\/fred4488.jpg?w=440\" width=\"440\" height=\"311\" srcset=\"https:\/\/pfjt.vie-locale.fr\/wp-content\/uploads\/2014\/01\/fred4488.jpg 800w, https:\/\/pfjt.vie-locale.fr\/wp-content\/uploads\/2014\/01\/fred4488-300x212.jpg 300w, https:\/\/pfjt.vie-locale.fr\/wp-content\/uploads\/2014\/01\/fred4488-768x543.jpg 768w\" sizes=\"auto, (max-width: 440px) 100vw, 440px\" \/><\/a><\/p>\n<h1>1967<\/h1>\n<p>Mort de Claude Durrell. Rencontre de Brassa\u00ef. D\u00e9but d\u2019amiti\u00e9 avec Jean Carri\u00e8re. Produit <i>Chants et paroles pour l\u2019\u00e9t\u00e9<\/i>, montage de textes et chansons d\u2019hommes \u00ab\u00a0du soleil\u00a0\u00bb comme Joseph Delteil, Jean Carri\u00e8re, Georges Brassens, Manitas de Plata\u2026 Miller vient passer quelques jours \u00e0 Montpellier.<\/p>\n<p>\u00ab\u00a0Un inconnu vint me voir un jour en 1965, sur la recommandation d&rsquo;un ami commun, Jacques H\u00e9brard, qui avait nagu\u00e8re pr\u00eat\u00e9 sa voix passionn\u00e9e aux po\u00e8tes que nous invoquions sur les ondes. Cet inconnu se nomma\u00a0: Jean Carri\u00e8re. Un ton sourd, un peu rauque, avec l&rsquo;accent des garrigues. La radio l&rsquo;attirait, il \u00e9tait \u00e9crivain, connaissait Giono dont il avait \u00e9t\u00e9 le secr\u00e9taire. Il aimait la musique. Pourrait-il \u00eatre utile\u00a0? Il avait besoin lui-m\u00eame de travailler. Je flairais la truffe. Nous dev\u00eenmes amis et le sommes toujours. Quelques jours apr\u00e8s sa visite, je lui t\u00e9l\u00e9phonais\u00a0: \u00ab\u00a0Eh bien, puisque vous vivez dans les collines, pourquoi ne pas \u00e9crire une <i>Chronique des collines<\/i>\u00a0? \u00a0\u00bb En \u00e9coutant le premier enregistrement, je me suis demand\u00e9 si cette voix un peu sauvage, qui parlait de ch\u00e2taignes et de renards, n&rsquo;allait pas surprendre l&rsquo;auditeur matinal. Celui-ci, muet quelques jours, manifesta brusquement son int\u00e9r\u00eat pour ces vignettes qui peu \u00e0 peu constitu\u00e8rent une sorte d&rsquo;\u00e9pop\u00e9e secr\u00e8te des garrigues. Sa deuxi\u00e8me s\u00e9rie d&rsquo;\u00e9missions allait porter un titre rav\u00e9lien, qui r\u00e9sumait sa passion pour la musique\u00a0: <i>Les sites auriculaires<\/i>. Ensuite, avec <i>Couleurs du temps<\/i>, fut atteinte la vitesse de croisi\u00e8re. Ces chroniques permettaient \u00e0 Jean Carri\u00e8re de passer du singulier \u00e0 l&rsquo;universel, de fournir une morale \u00e0 l&rsquo;anecdote, de souligner d&rsquo;\u00e9tranges coutumes ou de peindre \u00e0 loisir le d\u00e9sert magique des Causses ou les vall\u00e9es s\u00e9v\u00e8res des C\u00e9vennes. Le fabuleux y c\u00f4toyait le familier, la gravit\u00e9 se mariait au rire. Le r\u00e9sultat, me direz-vous\u00a0? Eh bien Carri\u00e8re mit ainsi en marche tout un univers personnel et cela donna son premier roman, <i>Retour \u00e0 Uz\u00e8s<\/i>, puis <i>L&rsquo;Epervier de Maheux<\/i>, qui eut le Goncourt.\u00a0\u00bb<\/p>\n<p style=\"text-align:right;\">\u00ab\u00a0Un \u00e9crivain \u00e0 la radio\u00a0\u00bb, 2000<\/p>\n<p><a href=\"http:\/\/lesuniversdetemple.wordpress.com\/wp-content\/uploads\/2014\/01\/fred4460.jpg\"><img loading=\"lazy\" decoding=\"async\" class=\"alignnone size-large wp-image-187\" alt=\"FRED4460\" src=\"http:\/\/lesuniversdetemple.wordpress.com\/wp-content\/uploads\/2014\/01\/fred4460.jpg?w=440\" width=\"440\" height=\"674\" srcset=\"https:\/\/pfjt.vie-locale.fr\/wp-content\/uploads\/2014\/01\/fred4460.jpg 800w, https:\/\/pfjt.vie-locale.fr\/wp-content\/uploads\/2014\/01\/fred4460-196x300.jpg 196w, https:\/\/pfjt.vie-locale.fr\/wp-content\/uploads\/2014\/01\/fred4460-668x1024.jpg 668w, https:\/\/pfjt.vie-locale.fr\/wp-content\/uploads\/2014\/01\/fred4460-768x1178.jpg 768w\" sizes=\"auto, (max-width: 440px) 100vw, 440px\" \/><\/a><\/p>\n<h1>1968<\/h1>\n<p>Publication de <i>Fleurs du silence<\/i>, po\u00e8mes (Bruxelles, Henry Fagne). Co-produit avec Madeleine Attal <i>Albertine en libert\u00e9<\/i>, \u00e9mission d&rsquo;hommage \u00e0 Albertine Sarrazin et <i>F\u00eates de la vigne<\/i>, \u00e9mission r\u00e9alis\u00e9e \u00e0 l&rsquo;occasion des F\u00eates internationales de la vigne et du vin de Dijon.<\/p>\n<p><a href=\"http:\/\/lesuniversdetemple.wordpress.com\/wp-content\/uploads\/2014\/01\/fred4492.jpg\"><img loading=\"lazy\" decoding=\"async\" class=\"alignnone size-large wp-image-188\" alt=\"FRED4492\" src=\"http:\/\/lesuniversdetemple.wordpress.com\/wp-content\/uploads\/2014\/01\/fred4492.jpg?w=440\" width=\"440\" height=\"314\" srcset=\"https:\/\/pfjt.vie-locale.fr\/wp-content\/uploads\/2014\/01\/fred4492.jpg 800w, https:\/\/pfjt.vie-locale.fr\/wp-content\/uploads\/2014\/01\/fred4492-300x214.jpg 300w, https:\/\/pfjt.vie-locale.fr\/wp-content\/uploads\/2014\/01\/fred4492-768x548.jpg 768w\" sizes=\"auto, (max-width: 440px) 100vw, 440px\" \/><\/a><\/p>\n<h1>1969<\/h1>\n<p>Voyage en Italie. Mort de sa m\u00e8re. Tournage de l\u2019<i>Itin\u00e9raire du Hussard<\/i> avec Jean Carri\u00e8re, pour la t\u00e9l\u00e9vision (film diffus\u00e9 l&rsquo;ann\u00e9e suivante)\u00a0; visites quotidiennes chez Jean Giono \u00e0 Manosque. Publication des <i>\u0152ufs de sel<\/i>, po\u00e8mes (Paris, Guy Chambelland). Produit <i>Mythes et r\u00e9alit\u00e9s gitanes<\/i>, \u00e9mission inspir\u00e9e par sa rencontre avec Manitas de Plata et son int\u00e9r\u00eat pour les gens du voyage.<\/p>\n<p><a href=\"http:\/\/lesuniversdetemple.wordpress.com\/wp-content\/uploads\/2014\/01\/fred4546.jpg\"><img loading=\"lazy\" decoding=\"async\" class=\"alignnone size-large wp-image-189\" alt=\"FRED4546\" src=\"http:\/\/lesuniversdetemple.wordpress.com\/wp-content\/uploads\/2014\/01\/fred4546.jpg?w=440\" width=\"440\" height=\"754\" srcset=\"https:\/\/pfjt.vie-locale.fr\/wp-content\/uploads\/2014\/01\/fred4546.jpg 800w, https:\/\/pfjt.vie-locale.fr\/wp-content\/uploads\/2014\/01\/fred4546-175x300.jpg 175w, https:\/\/pfjt.vie-locale.fr\/wp-content\/uploads\/2014\/01\/fred4546-597x1024.jpg 597w, https:\/\/pfjt.vie-locale.fr\/wp-content\/uploads\/2014\/01\/fred4546-768x1317.jpg 768w\" sizes=\"auto, (max-width: 440px) 100vw, 440px\" \/><\/a><\/p>\n<h1>1970<\/h1>\n<p>Re\u00e7oit le Grand Prix de Po\u00e9sie du Mont Saint-Michel. Retour dans les Vosges sur ses lieux de combat. L&rsquo;interdiction de diffusion de la <i>Messa pels p\u00f2rcs<\/i> d\u2019Yves Rouquette dont il est le traducteur, ajout\u00e9e \u00e0 ses positions favorables \u00e0 la pr\u00e9sence de la langue d&rsquo;oc dans les programmes, marque le d\u00e9but de ses ennuis avec la direction nationale de l\u2019ORTF.<\/p>\n<p><a href=\"http:\/\/lesuniversdetemple.wordpress.com\/wp-content\/uploads\/2014\/01\/messa1.jpg\"><img loading=\"lazy\" decoding=\"async\" class=\"alignnone size-full wp-image-521\" alt=\"messa\" src=\"http:\/\/lesuniversdetemple.wordpress.com\/wp-content\/uploads\/2014\/01\/messa1.jpg\" width=\"427\" height=\"622\" \/><\/a><\/p>\n<h1>1971<\/h1>\n<p>D\u00e9but de la vie commune avec Brigitte Portal et ses enfants Pierre et Matthieu Charvet.<\/p>\n<p><a href=\"http:\/\/lesuniversdetemple.wordpress.com\/wp-content\/uploads\/2014\/01\/fred4454.jpg\"><img loading=\"lazy\" decoding=\"async\" alt=\"FRED4454\" src=\"http:\/\/lesuniversdetemple.wordpress.com\/wp-content\/uploads\/2014\/01\/fred4454.jpg?w=440\" width=\"440\" height=\"331\" \/><\/a><\/p>\n<p style=\"text-align:center;\">Etang de l&rsquo;Or. Photo Fran\u00e7ois Engels<\/p>\n","protected":false},"excerpt":{"rendered":"<p>1955 Entretiens radiophoniques avec Richard Aldington, dans le cadre d&rsquo;une nouvelle s\u00e9rie bi-mensuelle, Entretiens (1955-1957). De 1955 \u00e0 1957, assure aussi la r\u00e9daction en chef de la revue trimestrielle Entretiens, cr\u00e9\u00e9e \u00e0 Rodez dans la mouvance des Rencontres internationales de po\u00e9sie. P\u00e9riple en Bretagne avec Serge Michenaud. Arriv\u00e9e \u00e0 Montpellier de Jean Joubert. Rencontre avec [&hellip;]<\/p>\n","protected":false},"author":3,"featured_media":0,"parent":0,"menu_order":0,"comment_status":"closed","ping_status":"open","template":"","meta":{"footnotes":""},"class_list":["post-116","page","type-page","status-publish","hentry"],"_links":{"self":[{"href":"https:\/\/frederic-jacques-temple.fr\/index.php\/wp-json\/wp\/v2\/pages\/116","targetHints":{"allow":["GET"]}}],"collection":[{"href":"https:\/\/frederic-jacques-temple.fr\/index.php\/wp-json\/wp\/v2\/pages"}],"about":[{"href":"https:\/\/frederic-jacques-temple.fr\/index.php\/wp-json\/wp\/v2\/types\/page"}],"author":[{"embeddable":true,"href":"https:\/\/frederic-jacques-temple.fr\/index.php\/wp-json\/wp\/v2\/users\/3"}],"replies":[{"embeddable":true,"href":"https:\/\/frederic-jacques-temple.fr\/index.php\/wp-json\/wp\/v2\/comments?post=116"}],"version-history":[{"count":1,"href":"https:\/\/frederic-jacques-temple.fr\/index.php\/wp-json\/wp\/v2\/pages\/116\/revisions"}],"predecessor-version":[{"id":686,"href":"https:\/\/frederic-jacques-temple.fr\/index.php\/wp-json\/wp\/v2\/pages\/116\/revisions\/686"}],"wp:attachment":[{"href":"https:\/\/frederic-jacques-temple.fr\/index.php\/wp-json\/wp\/v2\/media?parent=116"}],"curies":[{"name":"wp","href":"https:\/\/api.w.org\/{rel}","templated":true}]}}